{"id":913,"date":"2022-02-07T10:27:37","date_gmt":"2022-02-07T09:27:37","guid":{"rendered":"https:\/\/pr-kopac.com\/accommodation-inquiry\/"},"modified":"2022-02-07T10:30:18","modified_gmt":"2022-02-07T09:30:18","slug":"accommodation-inquiry","status":"publish","type":"page","link":"https:\/\/pr-kopac.com\/en\/accommodation-inquiry\/","title":{"rendered":"Accommodation inquiry"},"content":{"rendered":"\n<h1>\n\t\tACCOMMODATION INQUIRY\n\t<\/h1>\n<h3>\n\t\tSubmit your inquiry\n\t<\/h3>\n\t<p>Use a form below to send us your accommodation inquiry and we&#8217;ll reply as soon as possible.<\/p>\n\t<div class=\"forminator-ui forminator-custom-form forminator-custom-form-908 forminator-design--flat  forminator_ajax\" data-forminator-render=\"0\" data-form=\"forminator-module-908\" data-uid=\"69f457b526dba\"><br\/><\/div><form\n\t\t\t\tid=\"forminator-module-908\"\n\t\t\t\tclass=\"forminator-ui forminator-custom-form forminator-custom-form-908 forminator-design--flat  forminator_ajax\"\n\t\t\t\tmethod=\"post\"\n\t\t\t\tdata-forminator-render=\"0\"\n\t\t\t\tdata-form-id=\"908\"\n\t\t\t\t\n\t\t\t\tdata-design=\"flat\"\n\t\t\t\t\n\t\t\t\t\n\t\t\t\t\n\t\t\t\tdata-grid=\"open\"\n\t\t\t\t\n\t\t\t\t\n\t\t\t\tstyle=\"display: none;\"\n\t\t\t\t\n\t\t\t\tdata-uid=\"69f457b526dba\"\n\t\t\t><div class=\"forminator-response-message forminator-error\" aria-hidden=\"true\"><\/div><div class=\"forminator-row\"><div id=\"name-1\" class=\"forminator-col forminator-col-12 \"><div class=\"forminator-field\"><label for=\"forminator-field-name-1_69f457b526dba\" class=\"forminator-label\">First and last name <span class=\"forminator-required\">*<\/span><\/label><input type=\"text\" name=\"name-1\" value=\"\" placeholder=\"First and last name\" id=\"forminator-field-name-1_69f457b526dba\" class=\"forminator-input forminator-name--field\" aria-required=\"true\" \/><\/div><\/div><\/div><div class=\"forminator-row\"><div id=\"email-1\" class=\"forminator-col forminator-col-12 \"><div class=\"forminator-field\"><label for=\"forminator-field-email-1_69f457b526dba\" class=\"forminator-label\">Email address <span class=\"forminator-required\">*<\/span><\/label><input type=\"email\" name=\"email-1\" value=\"\" placeholder=\"Email address\" id=\"forminator-field-email-1_69f457b526dba\" class=\"forminator-input forminator-email--field\" data-required=\"true\" aria-required=\"true\" \/><\/div><\/div><\/div><div class=\"forminator-row\"><div id=\"phone-1\" class=\"forminator-col forminator-col-12 \"><div class=\"forminator-field\"><label for=\"forminator-field-phone-1_69f457b526dba\" class=\"forminator-label\">Phone number <span class=\"forminator-required\">*<\/span><\/label><input type=\"text\" name=\"phone-1\" value=\"\" placeholder=\"Phone number\" id=\"forminator-field-phone-1_69f457b526dba\" class=\"forminator-input forminator-field--phone\" data-required=\"1\" aria-required=\"true\" autocomplete=\"off\" \/><\/div><\/div><\/div><div class=\"forminator-row\"><div id=\"select-1\" class=\"forminator-col forminator-col-12 \"><div class=\"forminator-field\"><label for=\"forminator-form-908__field--select-1_69f457b526dba-label\" class=\"forminator-label\">Choose accomodation<\/label><select id=\"forminator-form-908__field--select-1_69f457b526dba\" class=\"forminator-select--field forminator-select2\" data-required=\"\" name=\"select-1\" data-default-value=\"\" data-placeholder=\"\" data-search=\"false\"><option value=\"Brezovica\"  data-calculation=\"0\">Brezovica<\/option><option value=\"Krvavec\"  data-calculation=\"0\">Krvavec<\/option><\/select><\/div><\/div><\/div><div class=\"forminator-row\"><div id=\"date-1\" class=\"forminator-col forminator-col-12 \"><div class=\"forminator-field\"><label for=\"forminator-field-date-1-picker_69f457b526dba\" class=\"forminator-label\">Check-in <span class=\"forminator-required\">*<\/span><\/label><div class=\"forminator-input-with-icon\"><label for=\"forminator-field-date-1-picker_69f457b526dba\"><span class=\"forminator-icon-calendar\" aria-hidden=\"true\"><\/span><\/label><input autocomplete=\"off\" type=\"text\" size=\"1\" name=\"date-1\" value=\"\" placeholder=\"Check-in\" id=\"forminator-field-date-1-picker_69f457b526dba\" class=\"forminator-input forminator-datepicker\" data-required=\"1\" data-format=\"dd-mm-yy\" data-restrict-type=\"\" data-restrict=\"\" data-start-year=\"1926\" data-end-year=\"2126\" data-past-dates=\"enable\" data-start-of-week=\"1\" data-start-date=\"\" data-end-date=\"\" data-start-field=\"\" data-end-field=\"\" data-start-offset=\"\" data-end-offset=\"\" data-disable-date=\"\" data-disable-range=\"\" \/><\/div><\/div><\/div><\/div><div class=\"forminator-row\"><div id=\"date-2\" class=\"forminator-col forminator-col-12 \"><div class=\"forminator-field\"><label for=\"forminator-field-date-2-picker_69f457b526dba\" class=\"forminator-label\">Check-out <span class=\"forminator-required\">*<\/span><\/label><div class=\"forminator-input-with-icon\"><label for=\"forminator-field-date-2-picker_69f457b526dba\"><span class=\"forminator-icon-calendar\" aria-hidden=\"true\"><\/span><\/label><input autocomplete=\"off\" type=\"text\" size=\"1\" name=\"date-2\" value=\"\" placeholder=\"Check-out\" id=\"forminator-field-date-2-picker_69f457b526dba\" class=\"forminator-input forminator-datepicker\" data-required=\"1\" data-format=\"dd-mm-yy\" data-restrict-type=\"\" data-restrict=\"\" data-start-year=\"1926\" data-end-year=\"2126\" data-past-dates=\"enable\" data-start-of-week=\"1\" data-start-date=\"\" data-end-date=\"\" data-start-field=\"\" data-end-field=\"\" data-start-offset=\"\" data-end-offset=\"\" data-disable-date=\"\" data-disable-range=\"\" \/><\/div><\/div><\/div><\/div><div class=\"forminator-row\"><div id=\"textarea-1\" class=\"forminator-col forminator-col-12 \"><div class=\"forminator-field\"><label for=\"forminator-field-textarea-1_69f457b526dba\" class=\"forminator-label\">Message<\/label><textarea name=\"textarea-1\" placeholder=\"Your message..\" id=\"forminator-field-textarea-1_69f457b526dba\" class=\"forminator-textarea\" rows=\"6\" style=\"min-height:140px;\" maxlength=\"360\" ><\/textarea><span class=\"forminator-description\"><span data-limit=\"360\" data-type=\"characters\">0 \/ 360<\/span><\/span><\/div><\/div><\/div><div class=\"forminator-row\"><div id=\"consent-1\" class=\"forminator-col forminator-col-12 \"><div class=\"forminator-field\"><label for=\"forminator-field-consent-1_69f457b526dba\" class=\"forminator-label\">We will only use your personal information from the form to provide an answer to your question. <span class=\"forminator-required\">*<\/span><\/label><div class=\"forminator-checkbox__wrapper\"><label for=\"forminator-field-consent-1_69f457b526dba\" class=\"forminator-checkbox\" style=\"margin: 0;\" aria-labelledby=\"forminator-field-consent-1_69f457b526dba__label\"><input type=\"checkbox\" name=\"consent-1\" value=\"checked\" id=\"forminator-field-consent-1_69f457b526dba\" data-required=\"true\" aria-required=\"true\" \/><span class=\"forminator-checkbox-box\" aria-hidden=\"true\"><\/span><\/label><div id=\"forminator-field-consent-1_69f457b526dba__label\" class=\"forminator-checkbox__label\"><p>I agree and I'm aware of the rights I have under the General Data Protection Regulation.<\/p><\/div><\/div><\/div><\/div><\/div><input type=\"hidden\" name=\"referer_url\" value=\"\" \/><div class=\"forminator-row forminator-row-last\"><div class=\"forminator-col\"><div class=\"forminator-field\"><button class=\"forminator-button forminator-button-submit\">Send inquiry<\/button><\/div><\/div><\/div><input type=\"hidden\" id=\"forminator_nonce\" name=\"forminator_nonce\" value=\"1801c0b6c3\" \/><input type=\"hidden\" name=\"_wp_http_referer\" value=\"\/en\/wp-json\/wp\/v2\/pages\/913\" \/><input type=\"hidden\" name=\"form_id\" value=\"908\"><input type=\"hidden\" name=\"page_id\" value=\"913\"><input type=\"hidden\" name=\"form_type\" value=\"default\"><input type=\"hidden\" name=\"current_url\" value=\"https:\/\/pr-kopac.com\/en\/accommodation-inquiry\/\"><input type=\"hidden\" name=\"render_id\" value=\"0\"><input type=\"hidden\" name=\"action\" value=\"forminator_submit_form_custom-forms\"><\/form>\n<h3>\n\t\tTELEPHONE FOR ROOMS\n\t<\/h3>\n<h2>\n\t\t<a href=\"tel:+38651406777\" title=\"051 406 777\" target=\"_self\" rel=\"noopener\">\n\t\t051 406 777\n\t\t<\/a>\n\t<\/h2>\n\n","protected":false},"excerpt":{"rendered":"<p>ACCOMMODATION INQUIRY Submit your inquiry Use a form below to send us your accommodation inquiry and we&#8217;ll reply as soon as possible. TELEPHONE FOR ROOMS 051 406 777<\/p>\n","protected":false},"author":1,"featured_media":0,"parent":0,"menu_order":0,"comment_status":"closed","ping_status":"closed","template":"","meta":[],"yoast_head":"<!-- This site is optimized with the Yoast SEO plugin v19.7.2 - https:\/\/yoast.com\/wordpress\/plugins\/seo\/ -->\n<title>Accommodation inquiry - Gostilna Pr Kopa\u010d<\/title>\n<meta name=\"description\" content=\"If you have a question regarding your stay, would like to make a reservation or simply an inquiry, please feel free to contact us using the form below.\" \/>\n<meta name=\"robots\" content=\"index, follow, max-snippet:-1, max-image-preview:large, max-video-preview:-1\" \/>\n<link rel=\"canonical\" href=\"https:\/\/pr-kopac.com\/en\/accommodation-inquiry\/\" \/>\n<meta property=\"og:locale\" content=\"en_US\" \/>\n<meta property=\"og:type\" content=\"article\" \/>\n<meta property=\"og:title\" content=\"Accommodation inquiry - Gostilna Pr Kopa\u010d\" \/>\n<meta property=\"og:description\" content=\"If you have a question regarding your stay, would like to make a reservation or simply an inquiry, please feel free to contact us using the form below.\" \/>\n<meta property=\"og:url\" content=\"https:\/\/pr-kopac.com\/en\/accommodation-inquiry\/\" \/>\n<meta property=\"og:site_name\" content=\"Gostilna Pr Kopa\u010d\" \/>\n<meta property=\"article:modified_time\" content=\"2022-02-07T09:30:18+00:00\" \/>\n<meta name=\"twitter:card\" content=\"summary_large_image\" \/>\n<script type=\"application\/ld+json\" class=\"yoast-schema-graph\">{\"@context\":\"https:\/\/schema.org\",\"@graph\":[{\"@type\":\"WebPage\",\"@id\":\"https:\/\/pr-kopac.com\/en\/accommodation-inquiry\/\",\"url\":\"https:\/\/pr-kopac.com\/en\/accommodation-inquiry\/\",\"name\":\"Accommodation inquiry - Gostilna Pr Kopa\u010d\",\"isPartOf\":{\"@id\":\"https:\/\/pr-kopac.com\/#website\"},\"datePublished\":\"2022-02-07T09:27:37+00:00\",\"dateModified\":\"2022-02-07T09:30:18+00:00\",\"description\":\"If you have a question regarding your stay, would like to make a reservation or simply an inquiry, please feel free to contact us using the form below.\",\"breadcrumb\":{\"@id\":\"https:\/\/pr-kopac.com\/en\/accommodation-inquiry\/#breadcrumb\"},\"inLanguage\":\"en-US\",\"potentialAction\":[{\"@type\":\"ReadAction\",\"target\":[\"https:\/\/pr-kopac.com\/en\/accommodation-inquiry\/\"]}]},{\"@type\":\"BreadcrumbList\",\"@id\":\"https:\/\/pr-kopac.com\/en\/accommodation-inquiry\/#breadcrumb\",\"itemListElement\":[{\"@type\":\"ListItem\",\"position\":1,\"name\":\"Home\",\"item\":\"https:\/\/pr-kopac.com\/en\/\"},{\"@type\":\"ListItem\",\"position\":2,\"name\":\"Accommodation inquiry\"}]},{\"@type\":\"WebSite\",\"@id\":\"https:\/\/pr-kopac.com\/#website\",\"url\":\"https:\/\/pr-kopac.com\/\",\"name\":\"Gostilna Pr Kopa\u010d\",\"description\":\"Dru\u017einska gostilna Pr Kopa\u010d Brezovica pri Ljubljani ima ve\u010d kot 150-letno tradicijo in z originalno, vrhunsko kulinari\u010dno ponudbo, ki je izrazito prilagojena letnim \u010dasom. Tudi ponudba odprtih vin je odli\u010dna, lahko pa so vina iz vinoteke. Nudimo doma pripravljene sladice.\",\"potentialAction\":[{\"@type\":\"SearchAction\",\"target\":{\"@type\":\"EntryPoint\",\"urlTemplate\":\"https:\/\/pr-kopac.com\/?s={search_term_string}\"},\"query-input\":\"required name=search_term_string\"}],\"inLanguage\":\"en-US\"}]}<\/script>\n<!-- \/ Yoast SEO plugin. -->","yoast_head_json":{"title":"Accommodation inquiry - Gostilna Pr Kopa\u010d","description":"If you have a question regarding your stay, would like to make a reservation or simply an inquiry, please feel free to contact us using the form below.","robots":{"index":"index","follow":"follow","max-snippet":"max-snippet:-1","max-image-preview":"max-image-preview:large","max-video-preview":"max-video-preview:-1"},"canonical":"https:\/\/pr-kopac.com\/en\/accommodation-inquiry\/","og_locale":"en_US","og_type":"article","og_title":"Accommodation inquiry - Gostilna Pr Kopa\u010d","og_description":"If you have a question regarding your stay, would like to make a reservation or simply an inquiry, please feel free to contact us using the form below.","og_url":"https:\/\/pr-kopac.com\/en\/accommodation-inquiry\/","og_site_name":"Gostilna Pr Kopa\u010d","article_modified_time":"2022-02-07T09:30:18+00:00","twitter_card":"summary_large_image","schema":{"@context":"https:\/\/schema.org","@graph":[{"@type":"WebPage","@id":"https:\/\/pr-kopac.com\/en\/accommodation-inquiry\/","url":"https:\/\/pr-kopac.com\/en\/accommodation-inquiry\/","name":"Accommodation inquiry - Gostilna Pr Kopa\u010d","isPartOf":{"@id":"https:\/\/pr-kopac.com\/#website"},"datePublished":"2022-02-07T09:27:37+00:00","dateModified":"2022-02-07T09:30:18+00:00","description":"If you have a question regarding your stay, would like to make a reservation or simply an inquiry, please feel free to contact us using the form below.","breadcrumb":{"@id":"https:\/\/pr-kopac.com\/en\/accommodation-inquiry\/#breadcrumb"},"inLanguage":"en-US","potentialAction":[{"@type":"ReadAction","target":["https:\/\/pr-kopac.com\/en\/accommodation-inquiry\/"]}]},{"@type":"BreadcrumbList","@id":"https:\/\/pr-kopac.com\/en\/accommodation-inquiry\/#breadcrumb","itemListElement":[{"@type":"ListItem","position":1,"name":"Home","item":"https:\/\/pr-kopac.com\/en\/"},{"@type":"ListItem","position":2,"name":"Accommodation inquiry"}]},{"@type":"WebSite","@id":"https:\/\/pr-kopac.com\/#website","url":"https:\/\/pr-kopac.com\/","name":"Gostilna Pr Kopa\u010d","description":"Dru\u017einska gostilna Pr Kopa\u010d Brezovica pri Ljubljani ima ve\u010d kot 150-letno tradicijo in z originalno, vrhunsko kulinari\u010dno ponudbo, ki je izrazito prilagojena letnim \u010dasom. Tudi ponudba odprtih vin je odli\u010dna, lahko pa so vina iz vinoteke. Nudimo doma pripravljene sladice.","potentialAction":[{"@type":"SearchAction","target":{"@type":"EntryPoint","urlTemplate":"https:\/\/pr-kopac.com\/?s={search_term_string}"},"query-input":"required name=search_term_string"}],"inLanguage":"en-US"}]}},"_links":{"self":[{"href":"https:\/\/pr-kopac.com\/en\/wp-json\/wp\/v2\/pages\/913"}],"collection":[{"href":"https:\/\/pr-kopac.com\/en\/wp-json\/wp\/v2\/pages"}],"about":[{"href":"https:\/\/pr-kopac.com\/en\/wp-json\/wp\/v2\/types\/page"}],"author":[{"embeddable":true,"href":"https:\/\/pr-kopac.com\/en\/wp-json\/wp\/v2\/users\/1"}],"replies":[{"embeddable":true,"href":"https:\/\/pr-kopac.com\/en\/wp-json\/wp\/v2\/comments?post=913"}],"version-history":[{"count":1,"href":"https:\/\/pr-kopac.com\/en\/wp-json\/wp\/v2\/pages\/913\/revisions"}],"predecessor-version":[{"id":916,"href":"https:\/\/pr-kopac.com\/en\/wp-json\/wp\/v2\/pages\/913\/revisions\/916"}],"wp:attachment":[{"href":"https:\/\/pr-kopac.com\/en\/wp-json\/wp\/v2\/media?parent=913"}],"curies":[{"name":"wp","href":"https:\/\/api.w.org\/{rel}","templated":true}]}}