{"id":840,"date":"2022-01-18T13:31:56","date_gmt":"2022-01-18T12:31:56","guid":{"rendered":"https:\/\/pr-kopac.com\/contact-and-location\/"},"modified":"2022-02-07T10:24:50","modified_gmt":"2022-02-07T09:24:50","slug":"contact-and-location","status":"publish","type":"page","link":"https:\/\/pr-kopac.com\/en\/contact-and-location\/","title":{"rendered":"Contact and location"},"content":{"rendered":"\n<h1>\n\t\tCONTACT AND LOCATION\n\t<\/h1>\n<h3>\n\t\tAsk or demand an inquiry\n\t<\/h3>\n\t<p>Use the form below to contact us and we&#8217;ll reply as soon as possible.<\/p>\n<p><a href=\"https:\/\/pr-kopac.com\/en\/accommodation-inquiry\/\"><strong>For accommodation inquiry please use the form here.<\/strong><\/a><\/p>\n\t<div class=\"forminator-ui forminator-custom-form forminator-custom-form-881   forminator_ajax\" data-forminator-render=\"0\" data-form=\"forminator-module-881\" data-uid=\"69e10b7bd7b60\"><br\/><\/div><form\n\t\t\t\tid=\"forminator-module-881\"\n\t\t\t\tclass=\"forminator-ui forminator-custom-form forminator-custom-form-881   forminator_ajax\"\n\t\t\t\tmethod=\"post\"\n\t\t\t\tdata-forminator-render=\"0\"\n\t\t\t\tdata-form-id=\"881\"\n\t\t\t\t\n\t\t\t\tdata-design=\"none\"\n\t\t\t\t\n\t\t\t\t\n\t\t\t\t\n\t\t\t\tdata-grid=\"open\"\n\t\t\t\t\n\t\t\t\t\n\t\t\t\tstyle=\"display: none;\"\n\t\t\t\t\n\t\t\t\tdata-uid=\"69e10b7bd7b60\"\n\t\t\t><div class=\"forminator-response-message forminator-error\" aria-hidden=\"true\"><\/div><div class=\"forminator-row\"><div id=\"name-1\" class=\"forminator-col forminator-col-12 \"><div class=\"forminator-field\"><label for=\"forminator-field-name-1_69e10b7bd7b60\" class=\"forminator-label\">Your name and surname <span class=\"forminator-required\">*<\/span><\/label><input type=\"text\" name=\"name-1\" value=\"\" placeholder=\"Your name and surname\" id=\"forminator-field-name-1_69e10b7bd7b60\" class=\"forminator-input forminator-name--field\" aria-required=\"true\" \/><\/div><\/div><\/div><div class=\"forminator-row\"><div id=\"email-1\" class=\"forminator-col forminator-col-12 \"><div class=\"forminator-field\"><label for=\"forminator-field-email-1_69e10b7bd7b60\" class=\"forminator-label\">Your email address <span class=\"forminator-required\">*<\/span><\/label><input type=\"email\" name=\"email-1\" value=\"\" placeholder=\"Your email address\" id=\"forminator-field-email-1_69e10b7bd7b60\" class=\"forminator-input forminator-email--field\" data-required=\"true\" aria-required=\"true\" \/><\/div><\/div><\/div><div class=\"forminator-row\"><div id=\"phone-1\" class=\"forminator-col forminator-col-12 \"><div class=\"forminator-field\"><label for=\"forminator-field-phone-1_69e10b7bd7b60\" class=\"forminator-label\">Your telephone number <span class=\"forminator-required\">*<\/span><\/label><input type=\"text\" name=\"phone-1\" value=\"\" placeholder=\"Your telephone number\" id=\"forminator-field-phone-1_69e10b7bd7b60\" class=\"forminator-input forminator-field--phone\" data-required=\"1\" aria-required=\"true\" autocomplete=\"off\" \/><\/div><\/div><\/div><div class=\"forminator-row\"><div id=\"textarea-1\" class=\"forminator-col forminator-col-12 \"><div class=\"forminator-field\"><label for=\"forminator-field-textarea-1_69e10b7bd7b60\" class=\"forminator-label\">Your message<\/label><textarea name=\"textarea-1\" placeholder=\"Your message\" id=\"forminator-field-textarea-1_69e10b7bd7b60\" class=\"forminator-textarea\" rows=\"6\" style=\"min-height:140px;\" maxlength=\"360\" ><\/textarea><span class=\"forminator-description\"><span data-limit=\"360\" data-type=\"characters\">0 \/ 360<\/span><\/span><\/div><\/div><\/div><div class=\"forminator-row\"><div id=\"consent-1\" class=\"forminator-col forminator-col-12 \"><div class=\"forminator-field\"><label for=\"forminator-field-consent-1_69e10b7bd7b60\" class=\"forminator-label\">We will only use your personal information from the form to provide an answer to your question. <span class=\"forminator-required\">*<\/span><\/label><div class=\"forminator-checkbox__wrapper\"><label for=\"forminator-field-consent-1_69e10b7bd7b60\" class=\"forminator-checkbox\" style=\"margin: 0;\" aria-labelledby=\"forminator-field-consent-1_69e10b7bd7b60__label\"><input type=\"checkbox\" name=\"consent-1\" value=\"checked\" id=\"forminator-field-consent-1_69e10b7bd7b60\" data-required=\"true\" aria-required=\"true\" \/><span class=\"forminator-checkbox-box\" aria-hidden=\"true\"><\/span><\/label><div id=\"forminator-field-consent-1_69e10b7bd7b60__label\" class=\"forminator-checkbox__label\"><p>I agree and agree that I am aware of the rights I have under the General Data Protection Regulation.<\/p><\/div><\/div><\/div><\/div><\/div><input type=\"hidden\" name=\"referer_url\" value=\"\" \/><div class=\"forminator-row forminator-row-last\"><div class=\"forminator-col\"><div class=\"forminator-field\"><button class=\"forminator-button forminator-button-submit\">Send inquiry<\/button><\/div><\/div><\/div><input type=\"hidden\" id=\"forminator_nonce\" name=\"forminator_nonce\" value=\"4e00a2b68a\" \/><input type=\"hidden\" name=\"_wp_http_referer\" value=\"\/en\/wp-json\/wp\/v2\/pages\/840\" \/><input type=\"hidden\" name=\"form_id\" value=\"881\"><input type=\"hidden\" name=\"page_id\" value=\"840\"><input type=\"hidden\" name=\"form_type\" value=\"default\"><input type=\"hidden\" name=\"current_url\" value=\"https:\/\/pr-kopac.com\/en\/contact-and-location\/\"><input type=\"hidden\" name=\"render_id\" value=\"0\"><input type=\"hidden\" name=\"action\" value=\"forminator_submit_form_custom-forms\"><\/form>\n<h3>\n\t\tLocation\n\t<\/h3>\n\t<strong>Restaurant pr Kopa\u010d<\/strong><br \/>\nTr\u017ea\u0161ka cesta 418,<br \/>\n1351 Brezovica pri Ljubljani,<br \/>\nSlovenija\n<h3>\n\t\tOpening Hours\n\t<\/h3>\n\t<strong>Restaurant<br \/>\n<\/strong>Monday &#8211; friday: 10:00 &#8211; 22:00\n<strong>Coffe shop<\/strong><br \/>\nMonday &#8211; friday: 06:00 -22:00\n<strong>Saturday &#8211; sunday:<\/strong> 07:00 &#8211; 12:00<br \/>\nOnly caffeteria is <strong>opened<\/strong>.\n<h3>\n\t\tTELEPHONE RESTAURANT PR KOPA\u010c\n\t<\/h3>\n<h2>\n\t\t01 365 30 66\n\t<\/h2>\n<h3>\n\t\tTELEPHONE FOR ROOMS\n\t<\/h3>\n<h2>\n\t\t<a href=\"tel:+38651406777\" title=\"051 406 777\" target=\"_self\" rel=\"noopener\">\n\t\t051 406 777\n\t\t<\/a>\n\t<\/h2>\n\t<iframe src=\"https:\/\/www.google.com\/maps\/embed\/v1\/place?q=Tr%C5%BEa%C5%A1ka+cesta+418%2C+Brezovica+pri+Ljubljani+1351&#038;key=AIzaSyD09zQ9PNDNNy9TadMuzRV_UsPUoWKntt8\" aria-hidden=\"true\"><\/iframe>\n\n","protected":false},"excerpt":{"rendered":"<p>CONTACT AND LOCATION Ask or demand an inquiry Use the form below to contact us and we&#8217;ll reply as soon as possible. For accommodation inquiry please use the form here. Location Restaurant pr Kopa\u010d Tr\u017ea\u0161ka cesta 418, 1351 Brezovica pri Ljubljani, Slovenija Opening Hours Restaurant Monday &#8211; friday: 10:00 &#8211; 22:00 Coffe shop Monday &#8211;&hellip;<\/p>\n","protected":false},"author":1,"featured_media":0,"parent":0,"menu_order":0,"comment_status":"closed","ping_status":"closed","template":"","meta":[],"yoast_head":"<!-- This site is optimized with the Yoast SEO plugin v19.7.2 - https:\/\/yoast.com\/wordpress\/plugins\/seo\/ -->\n<title>Contact and location - Gostilna Pr Kopa\u010d<\/title>\n<meta name=\"description\" content=\"If you have a question regarding your stay, would like to make a reservation or simply an inquiry, please feel free to contact us using the form below.\" \/>\n<meta name=\"robots\" content=\"index, follow, max-snippet:-1, max-image-preview:large, max-video-preview:-1\" \/>\n<link rel=\"canonical\" href=\"https:\/\/pr-kopac.com\/en\/contact-and-location\/\" \/>\n<meta property=\"og:locale\" content=\"en_US\" \/>\n<meta property=\"og:type\" content=\"article\" \/>\n<meta property=\"og:title\" content=\"Contact and location - Gostilna Pr Kopa\u010d\" \/>\n<meta property=\"og:description\" content=\"If you have a question regarding your stay, would like to make a reservation or simply an inquiry, please feel free to contact us using the form below.\" \/>\n<meta property=\"og:url\" content=\"https:\/\/pr-kopac.com\/en\/contact-and-location\/\" \/>\n<meta property=\"og:site_name\" content=\"Gostilna Pr Kopa\u010d\" \/>\n<meta property=\"article:modified_time\" content=\"2022-02-07T09:24:50+00:00\" \/>\n<meta name=\"twitter:card\" content=\"summary_large_image\" \/>\n<script type=\"application\/ld+json\" class=\"yoast-schema-graph\">{\"@context\":\"https:\/\/schema.org\",\"@graph\":[{\"@type\":\"WebPage\",\"@id\":\"https:\/\/pr-kopac.com\/en\/contact-and-location\/\",\"url\":\"https:\/\/pr-kopac.com\/en\/contact-and-location\/\",\"name\":\"Contact and location - Gostilna Pr Kopa\u010d\",\"isPartOf\":{\"@id\":\"https:\/\/pr-kopac.com\/#website\"},\"datePublished\":\"2022-01-18T12:31:56+00:00\",\"dateModified\":\"2022-02-07T09:24:50+00:00\",\"description\":\"If you have a question regarding your stay, would like to make a reservation or simply an inquiry, please feel free to contact us using the form below.\",\"breadcrumb\":{\"@id\":\"https:\/\/pr-kopac.com\/en\/contact-and-location\/#breadcrumb\"},\"inLanguage\":\"en-US\",\"potentialAction\":[{\"@type\":\"ReadAction\",\"target\":[\"https:\/\/pr-kopac.com\/en\/contact-and-location\/\"]}]},{\"@type\":\"BreadcrumbList\",\"@id\":\"https:\/\/pr-kopac.com\/en\/contact-and-location\/#breadcrumb\",\"itemListElement\":[{\"@type\":\"ListItem\",\"position\":1,\"name\":\"Home\",\"item\":\"https:\/\/pr-kopac.com\/en\/\"},{\"@type\":\"ListItem\",\"position\":2,\"name\":\"Contact and location\"}]},{\"@type\":\"WebSite\",\"@id\":\"https:\/\/pr-kopac.com\/#website\",\"url\":\"https:\/\/pr-kopac.com\/\",\"name\":\"Gostilna Pr Kopa\u010d\",\"description\":\"Dru\u017einska gostilna Pr Kopa\u010d Brezovica pri Ljubljani ima ve\u010d kot 150-letno tradicijo in z originalno, vrhunsko kulinari\u010dno ponudbo, ki je izrazito prilagojena letnim \u010dasom. Tudi ponudba odprtih vin je odli\u010dna, lahko pa so vina iz vinoteke. Nudimo doma pripravljene sladice.\",\"potentialAction\":[{\"@type\":\"SearchAction\",\"target\":{\"@type\":\"EntryPoint\",\"urlTemplate\":\"https:\/\/pr-kopac.com\/?s={search_term_string}\"},\"query-input\":\"required name=search_term_string\"}],\"inLanguage\":\"en-US\"}]}<\/script>\n<!-- \/ Yoast SEO plugin. -->","yoast_head_json":{"title":"Contact and location - Gostilna Pr Kopa\u010d","description":"If you have a question regarding your stay, would like to make a reservation or simply an inquiry, please feel free to contact us using the form below.","robots":{"index":"index","follow":"follow","max-snippet":"max-snippet:-1","max-image-preview":"max-image-preview:large","max-video-preview":"max-video-preview:-1"},"canonical":"https:\/\/pr-kopac.com\/en\/contact-and-location\/","og_locale":"en_US","og_type":"article","og_title":"Contact and location - Gostilna Pr Kopa\u010d","og_description":"If you have a question regarding your stay, would like to make a reservation or simply an inquiry, please feel free to contact us using the form below.","og_url":"https:\/\/pr-kopac.com\/en\/contact-and-location\/","og_site_name":"Gostilna Pr Kopa\u010d","article_modified_time":"2022-02-07T09:24:50+00:00","twitter_card":"summary_large_image","schema":{"@context":"https:\/\/schema.org","@graph":[{"@type":"WebPage","@id":"https:\/\/pr-kopac.com\/en\/contact-and-location\/","url":"https:\/\/pr-kopac.com\/en\/contact-and-location\/","name":"Contact and location - Gostilna Pr Kopa\u010d","isPartOf":{"@id":"https:\/\/pr-kopac.com\/#website"},"datePublished":"2022-01-18T12:31:56+00:00","dateModified":"2022-02-07T09:24:50+00:00","description":"If you have a question regarding your stay, would like to make a reservation or simply an inquiry, please feel free to contact us using the form below.","breadcrumb":{"@id":"https:\/\/pr-kopac.com\/en\/contact-and-location\/#breadcrumb"},"inLanguage":"en-US","potentialAction":[{"@type":"ReadAction","target":["https:\/\/pr-kopac.com\/en\/contact-and-location\/"]}]},{"@type":"BreadcrumbList","@id":"https:\/\/pr-kopac.com\/en\/contact-and-location\/#breadcrumb","itemListElement":[{"@type":"ListItem","position":1,"name":"Home","item":"https:\/\/pr-kopac.com\/en\/"},{"@type":"ListItem","position":2,"name":"Contact and location"}]},{"@type":"WebSite","@id":"https:\/\/pr-kopac.com\/#website","url":"https:\/\/pr-kopac.com\/","name":"Gostilna Pr Kopa\u010d","description":"Dru\u017einska gostilna Pr Kopa\u010d Brezovica pri Ljubljani ima ve\u010d kot 150-letno tradicijo in z originalno, vrhunsko kulinari\u010dno ponudbo, ki je izrazito prilagojena letnim \u010dasom. Tudi ponudba odprtih vin je odli\u010dna, lahko pa so vina iz vinoteke. Nudimo doma pripravljene sladice.","potentialAction":[{"@type":"SearchAction","target":{"@type":"EntryPoint","urlTemplate":"https:\/\/pr-kopac.com\/?s={search_term_string}"},"query-input":"required name=search_term_string"}],"inLanguage":"en-US"}]}},"_links":{"self":[{"href":"https:\/\/pr-kopac.com\/en\/wp-json\/wp\/v2\/pages\/840"}],"collection":[{"href":"https:\/\/pr-kopac.com\/en\/wp-json\/wp\/v2\/pages"}],"about":[{"href":"https:\/\/pr-kopac.com\/en\/wp-json\/wp\/v2\/types\/page"}],"author":[{"embeddable":true,"href":"https:\/\/pr-kopac.com\/en\/wp-json\/wp\/v2\/users\/1"}],"replies":[{"embeddable":true,"href":"https:\/\/pr-kopac.com\/en\/wp-json\/wp\/v2\/comments?post=840"}],"version-history":[{"count":11,"href":"https:\/\/pr-kopac.com\/en\/wp-json\/wp\/v2\/pages\/840\/revisions"}],"predecessor-version":[{"id":912,"href":"https:\/\/pr-kopac.com\/en\/wp-json\/wp\/v2\/pages\/840\/revisions\/912"}],"wp:attachment":[{"href":"https:\/\/pr-kopac.com\/en\/wp-json\/wp\/v2\/media?parent=840"}],"curies":[{"name":"wp","href":"https:\/\/api.w.org\/{rel}","templated":true}]}}