{"id":828,"date":"2022-01-18T12:11:03","date_gmt":"2022-01-18T11:11:03","guid":{"rendered":"https:\/\/pr-kopac.com\/about-us\/"},"modified":"2022-01-31T19:34:27","modified_gmt":"2022-01-31T18:34:27","slug":"about-us","status":"publish","type":"page","link":"https:\/\/pr-kopac.com\/en\/about-us\/","title":{"rendered":"About us"},"content":{"rendered":"\n<h1>\n\t\tABOUT US\n\t<\/h1>\n<h2>\n\t\tTradition\n\t<\/h2>\n<h3>\n\t\tOur story began in 1848&#8230;\n\t<\/h3>\n\t<p>Our traditional family-run restaurant is located close to capital city Ljubljana, in a small town of Brezovica. With decades of experience we offer our guests the highest culinary experience of traditional Slovenian cuisine. With decades of experience we offer our guests the highest culinary experience of traditional Slovenian cuisine You will feel right at home the moment you enter our restaurant.<\/p>\n<p>The oldest testimonies from 1848 state that on the premises of the current restaurant, there was a haulage or carriage drivers inn. The plan to build the Southern railway was born around 1842 and during that time there were a lot of engineers gathering near Kopa\u010d, studying the terrain for the construction of the railway. Legendary tale says that the landlord of Pr&#8217;Kopa\u010d was afraid that the railway would take away his profits so he shouted &#8220;We will have to work as diggers now!&#8221;. This has slowly evolved into becoming the house name for Kopa\u010d which stands for &#8220;digger&#8221; in Slovene.<\/p>\n<p>His fears didn&#8217;t come true and the restaurant still stands to this day. What was left behind is the name &#8220;Kopa\u010d&#8221;. \u010de bi se lahko za trenutek popeljali v \u010das furmanov, bi opazili, da gostje niso izbirali.<\/p>\n<p>In the past, there was only 1 dish on the menu. But that didn&#8217;t stop the travellers from near and far lands because the food was so delicious that tables were always full.<\/p>\n<p>&#8220;Pr&#8217;Kopa\u010d&#8221; restaurant is still family-run and each generation adds something new to the heritage. The restaurant became famous with the fried chicken, hot stews and blood sausage with sauerkraut to the point of becoming legendary.<\/p>\n<p>&nbsp;<\/p>\n\t\t\t\t\t\t\t\t\t<img src=\"https:\/\/pr-kopac.com\/wp-content\/uploads\/2019\/06\/ac5a2735-8312-4990-9e62-77fa4d2c7e95.jpg\" alt=\"ac5a2735-8312-4990-9e62-77fa4d2c7e95\" itemprop=\"image\"  \/>\n\t\t\t\t<img loading=\"lazy\" src=\"https:\/\/pr-kopac.com\/wp-content\/uploads\/2019\/06\/a1ca1322-a99d-4863-8b18-15c4b16a3256.jpg\" alt=\"a1ca1322-a99d-4863-8b18-15c4b16a3256\" itemprop=\"image\" height=\"330\" width=\"440\" title=\"a1ca1322-a99d-4863-8b18-15c4b16a3256\" onerror=\"this.style.display='none'\"  \/>\n<h3>\n\t\tGarden\n\t<\/h3>\n\t\t\t\t<img loading=\"lazy\" src=\"https:\/\/pr-kopac.com\/wp-content\/uploads\/2019\/06\/84eee9a3-3f87-4ae6-b9f1-9ab443aec042.jpg\" alt=\"84eee9a3-3f87-4ae6-b9f1-9ab443aec042\" itemprop=\"image\" height=\"330\" width=\"440\" title=\"84eee9a3-3f87-4ae6-b9f1-9ab443aec042\" onerror=\"this.style.display='none'\"  \/>\n<h3>\n\t\tIndoor spaces\n\t<\/h3>\n\t\t\t\t<img loading=\"lazy\" src=\"https:\/\/pr-kopac.com\/wp-content\/uploads\/2019\/06\/8fa2e4d1-37ff-452f-b4c1-cb97c24ed103.jpg\" alt=\"8fa2e4d1-37ff-452f-b4c1-cb97c24ed103\" itemprop=\"image\" height=\"330\" width=\"440\" title=\"8fa2e4d1-37ff-452f-b4c1-cb97c24ed103\" onerror=\"this.style.display='none'\"  \/>\n<h3>\n\t\tIndoor spaces\n\t<\/h3>\n\t<h3>&#8220;Pr&#8217;Kopa\u010d&#8221; is a family-run restaurant with a more than 150 year long tradition of offering a traditional cuisine of the highest quality. Our wine cellar offers a wide variety of quality open and bottled wines. All of our desserts are handcrafted in-house from the highest quality ingredients.<\/h3>\n\t<p>As many of our guests say, at &#8220;Pr&#8217;Kopa\u010d&#8221; there is always that nostalgic smell of traditional home-cooking. Our restaurant is based on the gastronomic heritage that was passed down from generation to generation while keeping the traditional ways modern. K nam se gostje odpravijo s posebnim namenom. Delicious meals in a relaxed environment, where you will feel at ease and where our professional waiters will treat you with respect and clas.<\/p>\n<p>Pleasant service, reasonable prices and nothing short of divine food is the reason why so many guests return to us. Our house specialties include stews such as barley and bean stew with smoked ham, roast pork, beef salad, Wiener Schnitzel and stuffed veal breast. In the winter, we offer many types of sausages and in the summer you have to try our stuffed-peppers and pumpkins. Besides the traditional Slovenian food we also offer many varieties of healthy vegetable side dishes and other low-fat foods. Pri mizi se dan za\u010dne in kon\u010da.<\/p>\n<h2>\n\t\tOpening Hours\n\t<\/h2>\n\t\n<strong>Monday &#8211; Friday<\/strong><br \/>\nfrom 10:00 to 22:00\n<strong>Cafe:<\/strong><br \/>\n<strong>Monday &#8211; Friday<\/strong><br \/>\nfrom 06:00 to 22:00\n<strong>Saturday &#8211; Sunday:<\/strong><br \/>\n<strong>Only caffeteria is opened.<\/strong><br \/>\nfrom 07:00 to 12:00\n\n<h2>\n\t\tContact us and send us un inquiry\n\t<\/h2>\n\t\t\t<a href=\"https:\/\/pr-kopac.com\/en\/contact-and-location\/\" target=\"_self\" role=\"button\" rel=\"noopener\">\n\t\t\t\t\t\t\tContact form\n\t\t\t\t\t<\/a>\n\n","protected":false},"excerpt":{"rendered":"<p>ABOUT US Tradition Our story began in 1848&#8230; Our traditional family-run restaurant is located close to capital city Ljubljana, in a small town of Brezovica. With decades of experience we offer our guests the highest culinary experience of traditional Slovenian cuisine. With decades of experience we offer our guests the highest culinary experience of traditional&hellip;<\/p>\n","protected":false},"author":1,"featured_media":0,"parent":0,"menu_order":0,"comment_status":"closed","ping_status":"closed","template":"","meta":[],"yoast_head":"<!-- This site is optimized with the Yoast SEO plugin v19.7.2 - https:\/\/yoast.com\/wordpress\/plugins\/seo\/ -->\n<title>About us - Gostilna Pr Kopa\u010d<\/title>\n<meta name=\"description\" content=\"Our traditional family-run restaurant is located close to capital city Ljubljana, in a small town of Brezovica.\" \/>\n<meta name=\"robots\" content=\"index, follow, max-snippet:-1, max-image-preview:large, max-video-preview:-1\" \/>\n<link rel=\"canonical\" href=\"https:\/\/pr-kopac.com\/en\/about-us\/\" \/>\n<meta property=\"og:locale\" content=\"en_US\" \/>\n<meta property=\"og:type\" content=\"article\" \/>\n<meta property=\"og:title\" content=\"About us - Gostilna Pr Kopa\u010d\" \/>\n<meta property=\"og:description\" content=\"Our traditional family-run restaurant is located close to capital city Ljubljana, in a small town of Brezovica.\" \/>\n<meta property=\"og:url\" content=\"https:\/\/pr-kopac.com\/en\/about-us\/\" \/>\n<meta property=\"og:site_name\" content=\"Gostilna Pr Kopa\u010d\" \/>\n<meta property=\"article:modified_time\" content=\"2022-01-31T18:34:27+00:00\" \/>\n<meta property=\"og:image\" content=\"https:\/\/pr-kopac.com\/wp-content\/uploads\/2019\/06\/ac5a2735-8312-4990-9e62-77fa4d2c7e95.jpg\" \/>\n<meta name=\"twitter:card\" content=\"summary_large_image\" \/>\n<meta name=\"twitter:label1\" content=\"Est. reading time\" \/>\n\t<meta name=\"twitter:data1\" content=\"3 minutes\" \/>\n<script type=\"application\/ld+json\" class=\"yoast-schema-graph\">{\"@context\":\"https:\/\/schema.org\",\"@graph\":[{\"@type\":\"WebPage\",\"@id\":\"https:\/\/pr-kopac.com\/en\/about-us\/\",\"url\":\"https:\/\/pr-kopac.com\/en\/about-us\/\",\"name\":\"About us - Gostilna Pr Kopa\u010d\",\"isPartOf\":{\"@id\":\"https:\/\/pr-kopac.com\/#website\"},\"datePublished\":\"2022-01-18T11:11:03+00:00\",\"dateModified\":\"2022-01-31T18:34:27+00:00\",\"description\":\"Our traditional family-run restaurant is located close to capital city Ljubljana, in a small town of Brezovica.\",\"breadcrumb\":{\"@id\":\"https:\/\/pr-kopac.com\/en\/about-us\/#breadcrumb\"},\"inLanguage\":\"en-US\",\"potentialAction\":[{\"@type\":\"ReadAction\",\"target\":[\"https:\/\/pr-kopac.com\/en\/about-us\/\"]}]},{\"@type\":\"BreadcrumbList\",\"@id\":\"https:\/\/pr-kopac.com\/en\/about-us\/#breadcrumb\",\"itemListElement\":[{\"@type\":\"ListItem\",\"position\":1,\"name\":\"Home\",\"item\":\"https:\/\/pr-kopac.com\/en\/\"},{\"@type\":\"ListItem\",\"position\":2,\"name\":\"About us\"}]},{\"@type\":\"WebSite\",\"@id\":\"https:\/\/pr-kopac.com\/#website\",\"url\":\"https:\/\/pr-kopac.com\/\",\"name\":\"Gostilna Pr Kopa\u010d\",\"description\":\"Dru\u017einska gostilna Pr Kopa\u010d Brezovica pri Ljubljani ima ve\u010d kot 150-letno tradicijo in z originalno, vrhunsko kulinari\u010dno ponudbo, ki je izrazito prilagojena letnim \u010dasom. Tudi ponudba odprtih vin je odli\u010dna, lahko pa so vina iz vinoteke. Nudimo doma pripravljene sladice.\",\"potentialAction\":[{\"@type\":\"SearchAction\",\"target\":{\"@type\":\"EntryPoint\",\"urlTemplate\":\"https:\/\/pr-kopac.com\/?s={search_term_string}\"},\"query-input\":\"required name=search_term_string\"}],\"inLanguage\":\"en-US\"}]}<\/script>\n<!-- \/ Yoast SEO plugin. -->","yoast_head_json":{"title":"About us - Gostilna Pr Kopa\u010d","description":"Our traditional family-run restaurant is located close to capital city Ljubljana, in a small town of Brezovica.","robots":{"index":"index","follow":"follow","max-snippet":"max-snippet:-1","max-image-preview":"max-image-preview:large","max-video-preview":"max-video-preview:-1"},"canonical":"https:\/\/pr-kopac.com\/en\/about-us\/","og_locale":"en_US","og_type":"article","og_title":"About us - Gostilna Pr Kopa\u010d","og_description":"Our traditional family-run restaurant is located close to capital city Ljubljana, in a small town of Brezovica.","og_url":"https:\/\/pr-kopac.com\/en\/about-us\/","og_site_name":"Gostilna Pr Kopa\u010d","article_modified_time":"2022-01-31T18:34:27+00:00","og_image":[{"url":"https:\/\/pr-kopac.com\/wp-content\/uploads\/2019\/06\/ac5a2735-8312-4990-9e62-77fa4d2c7e95.jpg"}],"twitter_card":"summary_large_image","twitter_misc":{"Est. reading time":"3 minutes"},"schema":{"@context":"https:\/\/schema.org","@graph":[{"@type":"WebPage","@id":"https:\/\/pr-kopac.com\/en\/about-us\/","url":"https:\/\/pr-kopac.com\/en\/about-us\/","name":"About us - Gostilna Pr Kopa\u010d","isPartOf":{"@id":"https:\/\/pr-kopac.com\/#website"},"datePublished":"2022-01-18T11:11:03+00:00","dateModified":"2022-01-31T18:34:27+00:00","description":"Our traditional family-run restaurant is located close to capital city Ljubljana, in a small town of Brezovica.","breadcrumb":{"@id":"https:\/\/pr-kopac.com\/en\/about-us\/#breadcrumb"},"inLanguage":"en-US","potentialAction":[{"@type":"ReadAction","target":["https:\/\/pr-kopac.com\/en\/about-us\/"]}]},{"@type":"BreadcrumbList","@id":"https:\/\/pr-kopac.com\/en\/about-us\/#breadcrumb","itemListElement":[{"@type":"ListItem","position":1,"name":"Home","item":"https:\/\/pr-kopac.com\/en\/"},{"@type":"ListItem","position":2,"name":"About us"}]},{"@type":"WebSite","@id":"https:\/\/pr-kopac.com\/#website","url":"https:\/\/pr-kopac.com\/","name":"Gostilna Pr Kopa\u010d","description":"Dru\u017einska gostilna Pr Kopa\u010d Brezovica pri Ljubljani ima ve\u010d kot 150-letno tradicijo in z originalno, vrhunsko kulinari\u010dno ponudbo, ki je izrazito prilagojena letnim \u010dasom. Tudi ponudba odprtih vin je odli\u010dna, lahko pa so vina iz vinoteke. Nudimo doma pripravljene sladice.","potentialAction":[{"@type":"SearchAction","target":{"@type":"EntryPoint","urlTemplate":"https:\/\/pr-kopac.com\/?s={search_term_string}"},"query-input":"required name=search_term_string"}],"inLanguage":"en-US"}]}},"_links":{"self":[{"href":"https:\/\/pr-kopac.com\/en\/wp-json\/wp\/v2\/pages\/828"}],"collection":[{"href":"https:\/\/pr-kopac.com\/en\/wp-json\/wp\/v2\/pages"}],"about":[{"href":"https:\/\/pr-kopac.com\/en\/wp-json\/wp\/v2\/types\/page"}],"author":[{"embeddable":true,"href":"https:\/\/pr-kopac.com\/en\/wp-json\/wp\/v2\/users\/1"}],"replies":[{"embeddable":true,"href":"https:\/\/pr-kopac.com\/en\/wp-json\/wp\/v2\/comments?post=828"}],"version-history":[{"count":7,"href":"https:\/\/pr-kopac.com\/en\/wp-json\/wp\/v2\/pages\/828\/revisions"}],"predecessor-version":[{"id":899,"href":"https:\/\/pr-kopac.com\/en\/wp-json\/wp\/v2\/pages\/828\/revisions\/899"}],"wp:attachment":[{"href":"https:\/\/pr-kopac.com\/en\/wp-json\/wp\/v2\/media?parent=828"}],"curies":[{"name":"wp","href":"https:\/\/api.w.org\/{rel}","templated":true}]}}