{"id":796,"date":"2022-01-18T11:51:05","date_gmt":"2022-01-18T10:51:05","guid":{"rendered":"https:\/\/pr-kopac.com\/home-2\/"},"modified":"2024-05-20T13:04:30","modified_gmt":"2024-05-20T11:04:30","slug":"home-2","status":"publish","type":"page","link":"https:\/\/pr-kopac.com\/en\/","title":{"rendered":"Home"},"content":{"rendered":"\n<h1>\n\t\tAt Kopa\u010d\n\t<\/h1>\n\t<p>At Kopa\u010d we meet, drink wine so sweet, glorious food, will put us in good mood!<\/p>\n\t\t\t<a href=\"https:\/\/pr-kopac.com\/prenocisca-brezovica\/\" target=\"_self\" role=\"button\" rel=\"noopener\">\n\t\t\t\t\t\t\tNastanitev Pr Kopa\u010d Brezovica\n\t\t\t\t\t<\/a>\n\t\t\t<a href=\"\/ponudba\" target=\"_self\" role=\"button\" rel=\"noopener\">\n\t\t\t\t\t\t\tGostilna Pr Kopa\u010d\n\t\t\t\t\t<\/a>\n<h3>\n\t\tABOUT US\n\t<\/h3>\n\t<p>Pr&#8217;Kopa\u010d&#8221; is a family-run restaurant with a more than 150 year long tradition of offering a traditional cuisine of the highest quality. Our wine cellar offers a wide variety of quality open and bottled wines. All of our desserts are handcrafted in-house from the highest quality ingredients.<\/p>\n<h3>\n\t\tTRADITION\n\t<\/h3>\n\t<p>Our story began in 1848&#8230;<\/p>\n<p>Our traditional family-run restaurant is located close to the capital city Ljubljana, in a small town of Brezovica. With decades of experience we offer our guests the highest culinary experience of traditional Slovenian cuisine. You will feel right at home the moment you enter our restaurant.<\/p>\n<h3>\n\t\tOFFER\n\t<\/h3>\n\t\t\t\t<a href=\"https:\/\/pr-kopac.com\/ponudba\/#dnevna_ponudba\" target=\"_self\" itemprop=\"url\" rel=\"noopener\">\n\t\t\t\t<img loading=\"lazy\" src=\"https:\/\/pr-kopac.com\/wp-content\/uploads\/2019\/06\/57b86f74-9e33-42e3-bca0-e8da8fb8172f.jpg\" alt=\"57b86f74-9e33-42e3-bca0-e8da8fb8172f\" itemprop=\"image\" height=\"330\" width=\"440\" title=\"57b86f74-9e33-42e3-bca0-e8da8fb8172f\" onerror=\"this.style.display='none'\"  \/>\n\t\t\t\t<\/a>\n<h3>\n\t\tDaily offer\n\t<\/h3>\n\t<p>Kopa\u010d, old famous restaurant, something good to eat I want tasty and delicious food it&#8217;l put you in good mood.<\/p>\n\t\t\t\t<a href=\"https:\/\/pr-kopac.com\/ponudba\/#hisne_posebnosi\" target=\"_self\" itemprop=\"url\" rel=\"noopener\">\n\t\t\t\t<img loading=\"lazy\" src=\"https:\/\/pr-kopac.com\/wp-content\/uploads\/2019\/06\/764acd0e-93b2-4264-b12a-b84926fba516.jpg\" alt=\"764acd0e-93b2-4264-b12a-b84926fba516\" itemprop=\"image\" height=\"330\" width=\"440\" title=\"764acd0e-93b2-4264-b12a-b84926fba516\" onerror=\"this.style.display='none'\"  \/>\n\t\t\t\t<\/a>\n<h3>\n\t\tHouse specialties\n\t<\/h3>\n\t<p>Traditional Slovenian cuisine and the best fried chicken you will ever taste!<\/p>\n\t\t\t\t<a href=\"https:\/\/pr-kopac.com\/ponudba\/#jedi_po_narocilu\" target=\"_self\" itemprop=\"url\" rel=\"noopener\">\n\t\t\t\t<img loading=\"lazy\" src=\"https:\/\/pr-kopac.com\/wp-content\/uploads\/2019\/06\/f09f7845-36ac-4591-bd06-04fb98265ac7.jpg\" alt=\"f09f7845-36ac-4591-bd06-04fb98265ac7\" itemprop=\"image\" height=\"330\" width=\"440\" title=\"f09f7845-36ac-4591-bd06-04fb98265ac7\" onerror=\"this.style.display='none'\"  \/>\n\t\t\t\t<\/a>\n<h3>\n\t\tA la carte\n\t<\/h3>\n\t<p>Dinner or lunch, mybe even a brunch.<\/p>\n\t\t\t\t<a href=\"https:\/\/pr-kopac.com\/ponudba\/#hladne_predjedi\" target=\"_self\" itemprop=\"url\" rel=\"noopener\">\n\t\t\t\t<img loading=\"lazy\" src=\"https:\/\/pr-kopac.com\/wp-content\/uploads\/2019\/06\/5d90a71f-a76f-4bd0-90fe-1496a6bebcf8.jpg\" alt=\"5d90a71f-a76f-4bd0-90fe-1496a6bebcf8\" itemprop=\"image\" height=\"330\" width=\"440\" title=\"5d90a71f-a76f-4bd0-90fe-1496a6bebcf8\" onerror=\"this.style.display='none'\"  \/>\n\t\t\t\t<\/a>\n<h3>\n\t\tHot or cold\n\t<\/h3>\n\t<p>Hot or cold, better than gold<\/p>\n\t\t\t\t<a href=\"https:\/\/pr-kopac.com\/ponudba\/#juhe\" target=\"_self\" itemprop=\"url\" rel=\"noopener\">\n\t\t\t\t<img loading=\"lazy\" src=\"https:\/\/pr-kopac.com\/wp-content\/uploads\/2019\/06\/b469ddf9-363c-42d3-85db-f771a826df86.jpg\" alt=\"b469ddf9-363c-42d3-85db-f771a826df86\" itemprop=\"image\" height=\"330\" width=\"440\" title=\"b469ddf9-363c-42d3-85db-f771a826df86\" onerror=\"this.style.display='none'\"  \/>\n\t\t\t\t<\/a>\n<h3>\n\t\tSoap\n\t<\/h3>\n\t<p>Hot soup, a remedy for fat and thin, it will give you a big grin&#8230;<\/p>\n\t\t\t\t<a href=\"https:\/\/pr-kopac.com\/ponudba\/#ribe\" target=\"_self\" itemprop=\"url\" rel=\"noopener\">\n\t\t\t\t<img loading=\"lazy\" src=\"https:\/\/pr-kopac.com\/wp-content\/uploads\/2019\/06\/f08e1e5c-effb-4d04-9204-89d707721cd9.jpg\" alt=\"f08e1e5c-effb-4d04-9204-89d707721cd9\" itemprop=\"image\" height=\"330\" width=\"440\" title=\"f08e1e5c-effb-4d04-9204-89d707721cd9\" onerror=\"this.style.display='none'\"  \/>\n\t\t\t\t<\/a>\n<h3>\n\t\tFish\n\t<\/h3>\n\t<p>Along Tr\u017ea\u0161ka streer all teh way to the sea, where they are catching fish.. but not from a dish.<\/p>\n\t\t\t<a href=\"https:\/\/pr-kopac.com\/ponudba\/\" target=\"_self\" role=\"button\" rel=\"noopener\">\n\t\t\t\t\t\t\tView the full offer\n\t\t\t\t\t<\/a>\n<h2>\n\t\tKavarna in sla\u0161\u010di\u010darna\n\t<\/h2>\n\t\t\t\t<img loading=\"lazy\" src=\"https:\/\/pr-kopac.com\/wp-content\/uploads\/2019\/06\/a5290f80-10bf-46ce-ad53-58ff3fe1fad5.jpg\" alt=\"a5290f80-10bf-46ce-ad53-58ff3fe1fad5\" itemprop=\"image\" height=\"960\" width=\"1280\" title=\"a5290f80-10bf-46ce-ad53-58ff3fe1fad5\" onerror=\"this.style.display='none'\"  \/>\n\t\t\t\t<img loading=\"lazy\" src=\"https:\/\/pr-kopac.com\/wp-content\/uploads\/2019\/06\/90ff4d4b-157e-4ba9-bc5a-8545f9405031.jpg\" alt=\"90ff4d4b-157e-4ba9-bc5a-8545f9405031\" itemprop=\"image\" height=\"768\" width=\"1024\" title=\"90ff4d4b-157e-4ba9-bc5a-8545f9405031\" onerror=\"this.style.display='none'\"  \/>\n\t\t\t\t<img loading=\"lazy\" src=\"https:\/\/pr-kopac.com\/wp-content\/uploads\/2019\/06\/d9df843c-de06-41ba-ae45-00c19605e9cb.jpg\" alt=\"d9df843c-de06-41ba-ae45-00c19605e9cb\" itemprop=\"image\" height=\"768\" width=\"1024\" title=\"d9df843c-de06-41ba-ae45-00c19605e9cb\" onerror=\"this.style.display='none'\"  \/>\n\t<p>Na\u0161a ponudba v kavarni temelji, poleg prodaje dnevno sve\u017eega kruha, pekovskih izdelkov in pi\u0161kotov, na &#8220;jutranji akciji&#8221; roglji\u010dek + kava. Roglji\u010dek se lahko poljubno zamenja s sve\u017eimi \u017eepki ali zavitkom in na dopoldanski ponudbi doma\u010dega narezka s kozarcem vina ali samo sendvi\u010da za na pot&#8230;<\/p>\n\t<p>Lahko vam pripravimo tudi zajtrk z jaj\u010dki na razne na\u010dine ali pa dopoldansko malico, vsak dan pa imamo pestro, doma narejeno ponudbo sla\u0161\u010dic (krem\u0161nite, tortice, \u010dokoladne ko\u0161arice, pi\u0161koti&#8230;)<\/p>\n<h2>\n\t\tNews\n\t<\/h2>\n\t            <div id=\"post-grid-lazy-444\" class=\"post-grid-lazy\"><img alt=\"\" src=\"\"\/><\/div>\r\n        <script>\r\n            jQuery('#post-grid-lazy-444').ready(function($){\r\n                $('#post-grid-lazy-444').fadeOut();\r\n                $('#post-grid-444').fadeIn();\r\n            })\r\n        <\/script>\r\n        <style type=\"text\/css\">\r\n            #post-grid-444{display: none;}\r\n            .post-grid-lazy{\r\n                text-align: center;\r\n            }\r\n        <\/style>\r\n            <div data-options='{&quot;id&quot;:&quot;444&quot;,&quot;lazy_load&quot;:&quot;yes&quot;,&quot;masonry_enable&quot;:&quot;yes&quot;,&quot;view_type&quot;:&quot;grid&quot;}' id=\"post-grid-444\" class=\"post-grid grid\">\r\n                <div class=\"no-post-found\">\r\n                <div class=\"no-post-found\">\r\n        No post found    <\/div>\r\n            <\/div>\r\n        <style type=\"text\/css\">\r\n                        #post-grid-444 .element_0{display: block;font-size: 21px;line-height: normal;padding: 5px 10px;text-align: left; text-decoration: none;}\r\n                                #post-grid-444 .element_1{display: block;font-size: 14px;padding: 5px 10px;text-align: left;}\r\n                #post-grid-444 .element_0:hover{}#post-grid-444 .element_1:hover{}    <\/style>\r\n        \r\n\r\n        <script>\r\n                    jQuery('#post-grid-lazy-444').ready(function($){\r\n                var $container = $('#post-grid-444 .grid-items');\r\n                $container.masonry({\r\n                    itemSelector: '.item',\r\n                    columnWidth: '.item', \/\/as you wish , you can use numeric\r\n                    isAnimated: true,\r\n                    isFitWidth: true,\r\n                    horizontalOrder: true,\r\n                });\r\n                $container.imagesLoaded().done( function() {\r\n                    $container.masonry('layout');\r\n                });\r\n            })\r\n            <\/script>\r\n        <style type=\"text\/css\">\r\n        #post-grid-444 {\r\n                    padding:0px;\r\n                                        }\r\n        #post-grid-444 .grid-items{\r\n                    text-align: center;\r\n                }\r\n        #post-grid-444 .item{\r\n                    margin:0px;\r\n                            padding:10px;\r\n                            background:#fff;\r\n                }\r\n        #post-grid-444  .item .layer-media{\r\n            height:auto;        }\r\n        @media only screen and ( min-width: 0px ) and ( max-width: 767px ) {\r\n\r\n            #post-grid-444 .grid-items{\r\n                        }\r\n\r\n\r\n            #post-grid-444 .item{\r\n                            width:90%;\r\n                        height:auto;            }\r\n        }\r\n        @media only screen and ( min-width: 768px ) and ( max-width: 1023px ) {\r\n            #post-grid-444 .grid-items{\r\n                        }\r\n\r\n            #post-grid-444 .item{\r\n                            width:280px;\r\n                        max-height:auto;            }\r\n        }\r\n        @media only screen and (min-width: 1024px ){\r\n\r\n            #post-grid-444 .grid-items{\r\n                        }\r\n\r\n\r\n            #post-grid-444 .item{\r\n                            width:335px;\r\n                        height:auto;            }\r\n        }\r\n\r\n        \r\n\r\n    <\/style>\r\n        <\/div>\r\n    \n\n","protected":false},"excerpt":{"rendered":"<p>At Kopa\u010d At Kopa\u010d we meet, drink wine so sweet, glorious food, will put us in good mood! Nastanitev Pr Kopa\u010d Brezovica Gostilna Pr Kopa\u010d ABOUT US Pr&#8217;Kopa\u010d&#8221; is a family-run restaurant with a more than 150 year long tradition of offering a traditional cuisine of the highest quality. Our wine cellar offers a wide&hellip;<\/p>\n","protected":false},"author":1,"featured_media":0,"parent":0,"menu_order":0,"comment_status":"closed","ping_status":"closed","template":"","meta":[],"yoast_head":"<!-- This site is optimized with the Yoast SEO plugin v19.7.2 - https:\/\/yoast.com\/wordpress\/plugins\/seo\/ -->\n<title>Pr\u2019Kopa\u010d\u201d is a family-run restaurant with a more than 150 year long tradition.<\/title>\n<meta name=\"description\" content=\"Pr\u2019Kopa\u010d\u201d is a family-run restaurant with a more than 150 year long tradition of offering a traditional cuisine of the highest quality. Our wine cellar offers a wide variety of quality open and bottled wines. All of our desserts are handcrafted in-house from the highest quality ingredients.\" \/>\n<meta name=\"robots\" content=\"index, follow, max-snippet:-1, max-image-preview:large, max-video-preview:-1\" \/>\n<link rel=\"canonical\" href=\"https:\/\/pr-kopac.com\/en\/\" \/>\n<meta property=\"og:locale\" content=\"en_US\" \/>\n<meta property=\"og:type\" content=\"article\" \/>\n<meta property=\"og:title\" content=\"Pr\u2019Kopa\u010d\u201d is a family-run restaurant with a more than 150 year long tradition.\" \/>\n<meta property=\"og:description\" content=\"Pr\u2019Kopa\u010d\u201d is a family-run restaurant with a more than 150 year long tradition of offering a traditional cuisine of the highest quality. Our wine cellar offers a wide variety of quality open and bottled wines. All of our desserts are handcrafted in-house from the highest quality ingredients.\" \/>\n<meta property=\"og:url\" content=\"https:\/\/pr-kopac.com\/en\/\" \/>\n<meta property=\"og:site_name\" content=\"Gostilna Pr Kopa\u010d\" \/>\n<meta property=\"article:modified_time\" content=\"2024-05-20T11:04:30+00:00\" \/>\n<meta property=\"og:image\" content=\"https:\/\/pr-kopac.com\/wp-content\/uploads\/2019\/06\/57b86f74-9e33-42e3-bca0-e8da8fb8172f.jpg\" \/>\n<meta name=\"twitter:card\" content=\"summary_large_image\" \/>\n<meta name=\"twitter:label1\" content=\"Est. reading time\" \/>\n\t<meta name=\"twitter:data1\" content=\"2 minutes\" \/>\n<script type=\"application\/ld+json\" class=\"yoast-schema-graph\">{\"@context\":\"https:\/\/schema.org\",\"@graph\":[{\"@type\":\"WebPage\",\"@id\":\"https:\/\/pr-kopac.com\/en\/\",\"url\":\"https:\/\/pr-kopac.com\/en\/\",\"name\":\"Pr\u2019Kopa\u010d\u201d is a family-run restaurant with a more than 150 year long tradition.\",\"isPartOf\":{\"@id\":\"https:\/\/pr-kopac.com\/#website\"},\"datePublished\":\"2022-01-18T10:51:05+00:00\",\"dateModified\":\"2024-05-20T11:04:30+00:00\",\"description\":\"Pr\u2019Kopa\u010d\u201d is a family-run restaurant with a more than 150 year long tradition of offering a traditional cuisine of the highest quality. Our wine cellar offers a wide variety of quality open and bottled wines. All of our desserts are handcrafted in-house from the highest quality ingredients.\",\"breadcrumb\":{\"@id\":\"https:\/\/pr-kopac.com\/en\/#breadcrumb\"},\"inLanguage\":\"en-US\",\"potentialAction\":[{\"@type\":\"ReadAction\",\"target\":[\"https:\/\/pr-kopac.com\/en\/\"]}]},{\"@type\":\"BreadcrumbList\",\"@id\":\"https:\/\/pr-kopac.com\/en\/#breadcrumb\",\"itemListElement\":[{\"@type\":\"ListItem\",\"position\":1,\"name\":\"Home\",\"item\":\"https:\/\/pr-kopac.com\/en\/\"},{\"@type\":\"ListItem\",\"position\":2,\"name\":\"Home\"}]},{\"@type\":\"WebSite\",\"@id\":\"https:\/\/pr-kopac.com\/#website\",\"url\":\"https:\/\/pr-kopac.com\/\",\"name\":\"Gostilna Pr Kopa\u010d\",\"description\":\"Dru\u017einska gostilna Pr Kopa\u010d Brezovica pri Ljubljani ima ve\u010d kot 150-letno tradicijo in z originalno, vrhunsko kulinari\u010dno ponudbo, ki je izrazito prilagojena letnim \u010dasom. Tudi ponudba odprtih vin je odli\u010dna, lahko pa so vina iz vinoteke. Nudimo doma pripravljene sladice.\",\"potentialAction\":[{\"@type\":\"SearchAction\",\"target\":{\"@type\":\"EntryPoint\",\"urlTemplate\":\"https:\/\/pr-kopac.com\/?s={search_term_string}\"},\"query-input\":\"required name=search_term_string\"}],\"inLanguage\":\"en-US\"}]}<\/script>\n<!-- \/ Yoast SEO plugin. -->","yoast_head_json":{"title":"Pr\u2019Kopa\u010d\u201d is a family-run restaurant with a more than 150 year long tradition.","description":"Pr\u2019Kopa\u010d\u201d is a family-run restaurant with a more than 150 year long tradition of offering a traditional cuisine of the highest quality. Our wine cellar offers a wide variety of quality open and bottled wines. All of our desserts are handcrafted in-house from the highest quality ingredients.","robots":{"index":"index","follow":"follow","max-snippet":"max-snippet:-1","max-image-preview":"max-image-preview:large","max-video-preview":"max-video-preview:-1"},"canonical":"https:\/\/pr-kopac.com\/en\/","og_locale":"en_US","og_type":"article","og_title":"Pr\u2019Kopa\u010d\u201d is a family-run restaurant with a more than 150 year long tradition.","og_description":"Pr\u2019Kopa\u010d\u201d is a family-run restaurant with a more than 150 year long tradition of offering a traditional cuisine of the highest quality. Our wine cellar offers a wide variety of quality open and bottled wines. All of our desserts are handcrafted in-house from the highest quality ingredients.","og_url":"https:\/\/pr-kopac.com\/en\/","og_site_name":"Gostilna Pr Kopa\u010d","article_modified_time":"2024-05-20T11:04:30+00:00","og_image":[{"url":"https:\/\/pr-kopac.com\/wp-content\/uploads\/2019\/06\/57b86f74-9e33-42e3-bca0-e8da8fb8172f.jpg"}],"twitter_card":"summary_large_image","twitter_misc":{"Est. reading time":"2 minutes"},"schema":{"@context":"https:\/\/schema.org","@graph":[{"@type":"WebPage","@id":"https:\/\/pr-kopac.com\/en\/","url":"https:\/\/pr-kopac.com\/en\/","name":"Pr\u2019Kopa\u010d\u201d is a family-run restaurant with a more than 150 year long tradition.","isPartOf":{"@id":"https:\/\/pr-kopac.com\/#website"},"datePublished":"2022-01-18T10:51:05+00:00","dateModified":"2024-05-20T11:04:30+00:00","description":"Pr\u2019Kopa\u010d\u201d is a family-run restaurant with a more than 150 year long tradition of offering a traditional cuisine of the highest quality. Our wine cellar offers a wide variety of quality open and bottled wines. All of our desserts are handcrafted in-house from the highest quality ingredients.","breadcrumb":{"@id":"https:\/\/pr-kopac.com\/en\/#breadcrumb"},"inLanguage":"en-US","potentialAction":[{"@type":"ReadAction","target":["https:\/\/pr-kopac.com\/en\/"]}]},{"@type":"BreadcrumbList","@id":"https:\/\/pr-kopac.com\/en\/#breadcrumb","itemListElement":[{"@type":"ListItem","position":1,"name":"Home","item":"https:\/\/pr-kopac.com\/en\/"},{"@type":"ListItem","position":2,"name":"Home"}]},{"@type":"WebSite","@id":"https:\/\/pr-kopac.com\/#website","url":"https:\/\/pr-kopac.com\/","name":"Gostilna Pr Kopa\u010d","description":"Dru\u017einska gostilna Pr Kopa\u010d Brezovica pri Ljubljani ima ve\u010d kot 150-letno tradicijo in z originalno, vrhunsko kulinari\u010dno ponudbo, ki je izrazito prilagojena letnim \u010dasom. Tudi ponudba odprtih vin je odli\u010dna, lahko pa so vina iz vinoteke. Nudimo doma pripravljene sladice.","potentialAction":[{"@type":"SearchAction","target":{"@type":"EntryPoint","urlTemplate":"https:\/\/pr-kopac.com\/?s={search_term_string}"},"query-input":"required name=search_term_string"}],"inLanguage":"en-US"}]}},"_links":{"self":[{"href":"https:\/\/pr-kopac.com\/en\/wp-json\/wp\/v2\/pages\/796"}],"collection":[{"href":"https:\/\/pr-kopac.com\/en\/wp-json\/wp\/v2\/pages"}],"about":[{"href":"https:\/\/pr-kopac.com\/en\/wp-json\/wp\/v2\/types\/page"}],"author":[{"embeddable":true,"href":"https:\/\/pr-kopac.com\/en\/wp-json\/wp\/v2\/users\/1"}],"replies":[{"embeddable":true,"href":"https:\/\/pr-kopac.com\/en\/wp-json\/wp\/v2\/comments?post=796"}],"version-history":[{"count":5,"href":"https:\/\/pr-kopac.com\/en\/wp-json\/wp\/v2\/pages\/796\/revisions"}],"predecessor-version":[{"id":971,"href":"https:\/\/pr-kopac.com\/en\/wp-json\/wp\/v2\/pages\/796\/revisions\/971"}],"wp:attachment":[{"href":"https:\/\/pr-kopac.com\/en\/wp-json\/wp\/v2\/media?parent=796"}],"curies":[{"name":"wp","href":"https:\/\/api.w.org\/{rel}","templated":true}]}}