{"id":778,"date":"2022-01-09T17:29:30","date_gmt":"2022-01-09T16:29:30","guid":{"rendered":"https:\/\/pr-kopac.com\/brezovica\/"},"modified":"2022-05-20T15:15:17","modified_gmt":"2022-05-20T13:15:17","slug":"brezovica","status":"publish","type":"page","link":"https:\/\/pr-kopac.com\/en\/brezovica\/","title":{"rendered":"Brezovica"},"content":{"rendered":"\n<h1>\n\t\t Pr &#8216;Kopa\u010d\n\t<\/h1>\n\t<h4><strong>Pr &#8216;Kopa\u010d is located only 10 minutes from the centre of capital city Ljubljana and is located close to the motorway exit offering an excellent location for exploring the capital city as also a great place to start a trip across the country.<\/strong><\/h4>\n<h4>In our guesthouse Pr &#8216;Kopa\u010d we offer our clients 14 very cosy, pleasantly decorated, air-conditioned and very spacious rooms. The rooms are flooded with light and are fully equipped in a way that will satisfy every type of guest and make them feel right at home <\/h4>\n\t\t\t\t\t\t\t\t\t\t\t\t\t\t\t\t\t<a href=\"https:\/\/pr-kopac.com\/wp-content\/uploads\/2021\/10\/sklop_1_spalnica_3_pr_kopac-19websize-768x1024.jpg\" target=\"_self\" data-caption=\"\" rel=\"noopener\">\n\t\t\t\t\t\t\t\t\t\t<\/a>\n\t\t\t\t\t\t\t\t\t\t\t\t\t\t\t\t\t<a href=\"https:\/\/pr-kopac.com\/wp-content\/uploads\/2021\/10\/sklop-1_soba_1_pr_kopac-6websize-768x1024.jpg\" target=\"_self\" data-caption=\"\" rel=\"noopener\">\n\t\t\t\t\t\t\t\t\t\t<\/a>\n\t\t\t\t\t\t\t\t\t\t\t\t\t\t\t\t\t<a href=\"https:\/\/pr-kopac.com\/wp-content\/uploads\/2021\/10\/sklop_2_spalnica-9_pr_kopac-33websize-1024x683.jpg\" target=\"_self\" data-caption=\"\" rel=\"noopener\">\n\t\t\t\t\t\t\t\t\t\t<\/a>\n\t\t\t\t\t\t\t\t\t\t\t\t\t\t\t\t\t<a href=\"https:\/\/pr-kopac.com\/wp-content\/uploads\/2021\/10\/sklop_2_spalnica_4_pr_kopac-26websize-768x1024.jpg\" target=\"_self\" data-caption=\"\" rel=\"noopener\">\n\t\t\t\t\t\t\t\t\t\t<\/a>\n\t\t\t\t\t\t\t\t\t\t\t\t\t\t\t\t\t<a href=\"https:\/\/pr-kopac.com\/wp-content\/uploads\/2021\/10\/sklop_1_kopalnica-3pr_kopac-14websize-683x1024.jpg\" target=\"_self\" data-caption=\"\" rel=\"noopener\">\n\t\t\t\t\t\t\t\t\t\t<\/a>\n\t\t\t\t\t\t\t\t\t\t\t\t\t\t\t\t\t<a href=\"https:\/\/pr-kopac.com\/wp-content\/uploads\/2021\/10\/sklop_3_spalnica_14_pr_kopac-71websize-683x1024.jpg\" target=\"_self\" data-caption=\"\" rel=\"noopener\">\n\t\t\t\t\t\t\t\t\t\t<\/a>\n\t\t\t\t\t\t\t\t\t\t\t\t\t\t\t\t\t<a href=\"https:\/\/pr-kopac.com\/wp-content\/uploads\/2021\/10\/sklop_3_spalnica-14_pr_kopac-67websize-768x1024.jpg\" target=\"_self\" data-caption=\"\" rel=\"noopener\">\n\t\t\t\t\t\t\t\t\t\t<\/a>\n\t\t\t\t\t\t\t\t\t\t\t\t\t\t\t\t\t<a href=\"https:\/\/pr-kopac.com\/wp-content\/uploads\/2021\/10\/sklop_3_spalnica_10_pr_kopac-56websize-683x1024.jpg\" target=\"_self\" data-caption=\"\" rel=\"noopener\">\n\t\t\t\t\t\t\t\t\t\t<\/a>\n\t\t\t\t\t\t\t\t\t\t\t\t\t\t\t\t\t<a href=\"https:\/\/pr-kopac.com\/wp-content\/uploads\/2021\/10\/sklop_2_spalnica_6_pr_kopac-39websize-768x1024.jpg\" target=\"_self\" data-caption=\"\" rel=\"noopener\">\n\t\t\t\t\t\t\t\t\t\t<\/a>\n\t\t\t\t\t\t\t\t\t\t\t\t\t\t\t\t\t<a href=\"https:\/\/pr-kopac.com\/wp-content\/uploads\/2021\/10\/sklop_2_spalnica_4pr_kopac-29websize-683x1024.jpg\" target=\"_self\" data-caption=\"\" rel=\"noopener\">\n\t\t\t\t\t\t\t\t\t\t<\/a>\n\t\t\t\t\t\t\t\t\t\t\t\t\t\t\t\t\t<a href=\"https:\/\/pr-kopac.com\/wp-content\/uploads\/2021\/10\/sklop_2_spalnica_6_pr_kopac-42websize-683x1024.jpg\" target=\"_self\" data-caption=\"\" rel=\"noopener\">\n\t\t\t\t\t\t\t\t\t\t<\/a>\n\t\t\t\t\t\t\t\t\t\t\t\t\t\t\t\t\t<a href=\"https:\/\/pr-kopac.com\/wp-content\/uploads\/2021\/10\/Sklop_1_spalnica_3_pr_kopac-24websize-683x1024.jpg\" target=\"_self\" data-caption=\"\" rel=\"noopener\">\n\t\t\t\t\t\t\t\t\t\t<\/a>\n\t\t\t\t\t\t\t\t\t\t\t\t\t\t\t\t\t<a href=\"https:\/\/pr-kopac.com\/wp-content\/uploads\/2021\/10\/Sklop_3_kopalnica_14_pr_kopac-72websize-683x1024.jpg\" target=\"_self\" data-caption=\"\" rel=\"noopener\">\n\t\t\t\t\t\t\t\t\t\t<\/a>\n\t\t\t\t\t\t\t\t\t\t\t\t\t\t\t\t\t<a href=\"https:\/\/pr-kopac.com\/wp-content\/uploads\/2021\/10\/sklop_1_spalnica_3pr_kopac-21websize-683x1024.jpg\" target=\"_self\" data-caption=\"\" rel=\"noopener\">\n\t\t\t\t\t\t\t\t\t\t<\/a>\n\t\t\t\t\t\t\t\t\t\t\t\t\t\t\t\t\t<a href=\"https:\/\/pr-kopac.com\/wp-content\/uploads\/2021\/10\/sklop_1_kopalnica_3pr_kopac-12websize-768x1024.jpg\" target=\"_self\" data-caption=\"\" rel=\"noopener\">\n\t\t\t\t\t\t\t\t\t\t<\/a>\n\t\t\t\t\t\t\t\t\t\t\t\t\t\t\t\t\t<a href=\"https:\/\/pr-kopac.com\/wp-content\/uploads\/2021\/10\/sklop_1_kopalnica_1pr_kopac-8websize-768x1024.jpg\" target=\"_self\" data-caption=\"\" rel=\"noopener\">\n\t\t\t\t\t\t\t\t\t\t<\/a>\n\t\t\t\t\t\t\t\t\t\t\t\t\t\t\t\t\t<a href=\"https:\/\/pr-kopac.com\/wp-content\/uploads\/2021\/10\/sklop_3_kopalnica_10_pr_kopac-50websize-768x1024.jpg\" target=\"_self\" data-caption=\"\" rel=\"noopener\">\n\t\t\t\t\t\t\t\t\t\t<\/a>\n\t\t\t\t\t\t\t\t\t\t\t\t\t\t\t\t\t<a href=\"https:\/\/pr-kopac.com\/wp-content\/uploads\/2021\/10\/sklop_3_spalnica_10_pr_kopac-51websize-683x1024.jpg\" target=\"_self\" data-caption=\"\" rel=\"noopener\">\n\t\t\t\t\t\t\t\t\t\t<\/a>\n\t\t\t\t\t\t\t\t\t\t\t\t\t\t\t\t\t<a href=\"https:\/\/pr-kopac.com\/wp-content\/uploads\/2021\/10\/sklop_3_spalnica_10_pr_kopac-58websize-683x1024.jpg\" target=\"_self\" data-caption=\"\" rel=\"noopener\">\n\t\t\t\t\t\t\t\t\t\t<\/a>\n\t\t\t\t\t\t\t\t\t\t\t\t\t\t\t\t\t<a href=\"https:\/\/pr-kopac.com\/wp-content\/uploads\/2021\/10\/Stopnisce_pr_kopac-81websize-768x1024.jpg\" target=\"_self\" data-caption=\"\" rel=\"noopener\">\n\t\t\t\t\t\t\t\t\t\t<\/a>\n\t\t\t\t\t\t\t\t\t\t\t\t\t\t\t\t\t<a href=\"https:\/\/pr-kopac.com\/wp-content\/uploads\/2021\/10\/recepcija_pr_kopac-4websize-768x1024.jpg\" target=\"_self\" data-caption=\"\" rel=\"noopener\">\n\t\t\t\t\t\t\t\t\t\t<\/a>\n\t\t\t\t\t\t\t\t<!-- navigation arrows -->\n\t\t\t<button aria-label=\"Previous slide\" role=\"button\" tabindex=\"0\">\n\t\t\t<\/button>\n\t\t\t<button aria-label=\"Next slide\" role=\"button\" tabindex=\"0\">\n\t\t\t<\/button>\n\t\t\t\t\t\t<!-- pagination -->\n\t<p><i>All pictures shown are for illustration purposes only. Not all pictures are identical.<\/i><\/p>\n\t\t\t\t\t\t\t\t\t\t\t\t\t\t\t\t\t<a href=\"https:\/\/pr-kopac.com\/wp-content\/uploads\/2021\/10\/vhod_pr_kopac-85websize-768x1024.jpg\" target=\"_self\" data-caption=\"\" rel=\"noopener\">\n\t\t\t\t\t\t\t\t\t\t<\/a>\n\t\t\t\t\t\t\t\t\t\t\t\t\t\t\t\t\t<a href=\"https:\/\/pr-kopac.com\/wp-content\/uploads\/2021\/10\/recepcija_pr_kopac-2websize-1024x683.jpg\" target=\"_self\" data-caption=\"\" rel=\"noopener\">\n\t\t\t\t\t\t\t\t\t\t<\/a>\n\t\t\t\t\t\t\t\t\t\t\t\t\t\t\t\t\t<a href=\"https:\/\/pr-kopac.com\/wp-content\/uploads\/2021\/10\/Hodnik_nadstropje_pr_kopac-78websize-683x1024.jpg\" target=\"_self\" data-caption=\"\" rel=\"noopener\">\n\t\t\t\t\t\t\t\t\t\t<\/a>\n\t\t\t\t\t\t\t\t<!-- navigation arrows -->\n\t\t\t<button aria-label=\"Previous slide\" role=\"button\" tabindex=\"0\">\n\t\t\t<\/button>\n\t\t\t<button aria-label=\"Next slide\" role=\"button\" tabindex=\"0\">\n\t\t\t<\/button>\n\t\t\t\t\t\t<!-- pagination -->\n\t<p><i>All pictures shown are for illustration purposes only. Not all pictures are identical.<\/i><\/p>\n\t<h4><strong>All rooms are equipped with high-speed Wi-Fi, minibar, LED TV, in-room safe and a luxurious bathroom with a shower and toiletries. Each room is equipped with custom-designed furniture and is one-of-a-kind.<\/strong><\/h4>\n<h4>Not only an incredibly relaxing stay, but we also offer our guests a delicious breakfast buffet with fresh food sourced from local producers.<\/h4>\n\t\n\n<h2>\n\t\tCall us or send us inquiry.\n\t<\/h2>\n\t\t\t<a href=\"tel:+38651406777\" target=\"_self\" role=\"button\" rel=\"noopener\">\n\t\t\t\t\t\t\tCall now\n\t\t\t\t\t<\/a>\n\n","protected":false},"excerpt":{"rendered":"<p>Pr &#8216;Kopa\u010d Pr &#8216;Kopa\u010d is located only 10 minutes from the centre of capital city Ljubljana and is located close to the motorway exit offering an excellent location for exploring the capital city as also a great place to start a trip across the country. In our guesthouse Pr &#8216;Kopa\u010d we offer our clients 14&hellip;<\/p>\n","protected":false},"author":1,"featured_media":0,"parent":0,"menu_order":0,"comment_status":"closed","ping_status":"closed","template":"","meta":[],"yoast_head":"<!-- This site is optimized with the Yoast SEO plugin v19.7.2 - https:\/\/yoast.com\/wordpress\/plugins\/seo\/ -->\n<title>Brezovica - Gostilna Pr Kopa\u010d<\/title>\n<meta name=\"robots\" content=\"index, follow, max-snippet:-1, max-image-preview:large, max-video-preview:-1\" \/>\n<link rel=\"canonical\" href=\"https:\/\/pr-kopac.com\/en\/brezovica\/\" \/>\n<meta property=\"og:locale\" content=\"en_US\" \/>\n<meta property=\"og:type\" content=\"article\" \/>\n<meta property=\"og:title\" content=\"Brezovica - Gostilna Pr Kopa\u010d\" \/>\n<meta property=\"og:description\" content=\"Pr &#8216;Kopa\u010d Pr &#8216;Kopa\u010d is located only 10 minutes from the centre of capital city Ljubljana and is located close to the motorway exit offering an excellent location for exploring the capital city as also a great place to start a trip across the country. In our guesthouse Pr &#8216;Kopa\u010d we offer our clients 14&hellip;\" \/>\n<meta property=\"og:url\" content=\"https:\/\/pr-kopac.com\/en\/brezovica\/\" \/>\n<meta property=\"og:site_name\" content=\"Gostilna Pr Kopa\u010d\" \/>\n<meta property=\"article:modified_time\" content=\"2022-05-20T13:15:17+00:00\" \/>\n<meta name=\"twitter:card\" content=\"summary_large_image\" \/>\n<meta name=\"twitter:label1\" content=\"Est. reading time\" \/>\n\t<meta name=\"twitter:data1\" content=\"1 minute\" \/>\n<script type=\"application\/ld+json\" class=\"yoast-schema-graph\">{\"@context\":\"https:\/\/schema.org\",\"@graph\":[{\"@type\":\"WebPage\",\"@id\":\"https:\/\/pr-kopac.com\/en\/brezovica\/\",\"url\":\"https:\/\/pr-kopac.com\/en\/brezovica\/\",\"name\":\"Brezovica - Gostilna Pr Kopa\u010d\",\"isPartOf\":{\"@id\":\"https:\/\/pr-kopac.com\/#website\"},\"datePublished\":\"2022-01-09T16:29:30+00:00\",\"dateModified\":\"2022-05-20T13:15:17+00:00\",\"breadcrumb\":{\"@id\":\"https:\/\/pr-kopac.com\/en\/brezovica\/#breadcrumb\"},\"inLanguage\":\"en-US\",\"potentialAction\":[{\"@type\":\"ReadAction\",\"target\":[\"https:\/\/pr-kopac.com\/en\/brezovica\/\"]}]},{\"@type\":\"BreadcrumbList\",\"@id\":\"https:\/\/pr-kopac.com\/en\/brezovica\/#breadcrumb\",\"itemListElement\":[{\"@type\":\"ListItem\",\"position\":1,\"name\":\"Home\",\"item\":\"https:\/\/pr-kopac.com\/en\/\"},{\"@type\":\"ListItem\",\"position\":2,\"name\":\"Brezovica\"}]},{\"@type\":\"WebSite\",\"@id\":\"https:\/\/pr-kopac.com\/#website\",\"url\":\"https:\/\/pr-kopac.com\/\",\"name\":\"Gostilna Pr Kopa\u010d\",\"description\":\"Dru\u017einska gostilna Pr Kopa\u010d Brezovica pri Ljubljani ima ve\u010d kot 150-letno tradicijo in z originalno, vrhunsko kulinari\u010dno ponudbo, ki je izrazito prilagojena letnim \u010dasom. Tudi ponudba odprtih vin je odli\u010dna, lahko pa so vina iz vinoteke. Nudimo doma pripravljene sladice.\",\"potentialAction\":[{\"@type\":\"SearchAction\",\"target\":{\"@type\":\"EntryPoint\",\"urlTemplate\":\"https:\/\/pr-kopac.com\/?s={search_term_string}\"},\"query-input\":\"required name=search_term_string\"}],\"inLanguage\":\"en-US\"}]}<\/script>\n<!-- \/ Yoast SEO plugin. -->","yoast_head_json":{"title":"Brezovica - Gostilna Pr Kopa\u010d","robots":{"index":"index","follow":"follow","max-snippet":"max-snippet:-1","max-image-preview":"max-image-preview:large","max-video-preview":"max-video-preview:-1"},"canonical":"https:\/\/pr-kopac.com\/en\/brezovica\/","og_locale":"en_US","og_type":"article","og_title":"Brezovica - Gostilna Pr Kopa\u010d","og_description":"Pr &#8216;Kopa\u010d Pr &#8216;Kopa\u010d is located only 10 minutes from the centre of capital city Ljubljana and is located close to the motorway exit offering an excellent location for exploring the capital city as also a great place to start a trip across the country. In our guesthouse Pr &#8216;Kopa\u010d we offer our clients 14&hellip;","og_url":"https:\/\/pr-kopac.com\/en\/brezovica\/","og_site_name":"Gostilna Pr Kopa\u010d","article_modified_time":"2022-05-20T13:15:17+00:00","twitter_card":"summary_large_image","twitter_misc":{"Est. reading time":"1 minute"},"schema":{"@context":"https:\/\/schema.org","@graph":[{"@type":"WebPage","@id":"https:\/\/pr-kopac.com\/en\/brezovica\/","url":"https:\/\/pr-kopac.com\/en\/brezovica\/","name":"Brezovica - Gostilna Pr Kopa\u010d","isPartOf":{"@id":"https:\/\/pr-kopac.com\/#website"},"datePublished":"2022-01-09T16:29:30+00:00","dateModified":"2022-05-20T13:15:17+00:00","breadcrumb":{"@id":"https:\/\/pr-kopac.com\/en\/brezovica\/#breadcrumb"},"inLanguage":"en-US","potentialAction":[{"@type":"ReadAction","target":["https:\/\/pr-kopac.com\/en\/brezovica\/"]}]},{"@type":"BreadcrumbList","@id":"https:\/\/pr-kopac.com\/en\/brezovica\/#breadcrumb","itemListElement":[{"@type":"ListItem","position":1,"name":"Home","item":"https:\/\/pr-kopac.com\/en\/"},{"@type":"ListItem","position":2,"name":"Brezovica"}]},{"@type":"WebSite","@id":"https:\/\/pr-kopac.com\/#website","url":"https:\/\/pr-kopac.com\/","name":"Gostilna Pr Kopa\u010d","description":"Dru\u017einska gostilna Pr Kopa\u010d Brezovica pri Ljubljani ima ve\u010d kot 150-letno tradicijo in z originalno, vrhunsko kulinari\u010dno ponudbo, ki je izrazito prilagojena letnim \u010dasom. Tudi ponudba odprtih vin je odli\u010dna, lahko pa so vina iz vinoteke. Nudimo doma pripravljene sladice.","potentialAction":[{"@type":"SearchAction","target":{"@type":"EntryPoint","urlTemplate":"https:\/\/pr-kopac.com\/?s={search_term_string}"},"query-input":"required name=search_term_string"}],"inLanguage":"en-US"}]}},"_links":{"self":[{"href":"https:\/\/pr-kopac.com\/en\/wp-json\/wp\/v2\/pages\/778"}],"collection":[{"href":"https:\/\/pr-kopac.com\/en\/wp-json\/wp\/v2\/pages"}],"about":[{"href":"https:\/\/pr-kopac.com\/en\/wp-json\/wp\/v2\/types\/page"}],"author":[{"embeddable":true,"href":"https:\/\/pr-kopac.com\/en\/wp-json\/wp\/v2\/users\/1"}],"replies":[{"embeddable":true,"href":"https:\/\/pr-kopac.com\/en\/wp-json\/wp\/v2\/comments?post=778"}],"version-history":[{"count":8,"href":"https:\/\/pr-kopac.com\/en\/wp-json\/wp\/v2\/pages\/778\/revisions"}],"predecessor-version":[{"id":943,"href":"https:\/\/pr-kopac.com\/en\/wp-json\/wp\/v2\/pages\/778\/revisions\/943"}],"wp:attachment":[{"href":"https:\/\/pr-kopac.com\/en\/wp-json\/wp\/v2\/media?parent=778"}],"curies":[{"name":"wp","href":"https:\/\/api.w.org\/{rel}","templated":true}]}}