{"id":772,"date":"2022-01-09T17:08:01","date_gmt":"2022-01-09T16:08:01","guid":{"rendered":"https:\/\/pr-kopac.com\/?page_id=772"},"modified":"2022-01-09T17:08:01","modified_gmt":"2022-01-09T16:08:01","slug":"home","status":"publish","type":"page","link":"https:\/\/pr-kopac.com\/en\/home\/","title":{"rendered":"Home"},"content":{"rendered":"\n<h1>\n\t\tPr Kopa\u010d\n\t<\/h1>\n\t<p>Pri Kopa\u010du mi sedimo; slastne tu so vse jedi, rujno te\u010de vino!<\/p>\n\t\t\t<a href=\"https:\/\/pr-kopac.com\/prenocisca-brezovica\/\" target=\"_self\" role=\"button\" rel=\"noopener\">\n\t\t\t\t\t\t\tSobe Brezovica\n\t\t\t\t\t<\/a>\n\t\t\t<a href=\"\/ponudba\" target=\"_self\" role=\"button\" rel=\"noopener\">\n\t\t\t\t\t\t\tGostilna\n\t\t\t\t\t<\/a>\n\t\t\t<a href=\"https:\/\/pr-kopac.com\/prenocisca-krvavec\/\" target=\"_self\" role=\"button\" rel=\"noopener\" class=\"broken_link\">\n\t\t\t\t\t\t\tApartma Krvavec\n\t\t\t\t\t<\/a>\n<h3>\n\t\tO NAS\n\t<\/h3>\n\t<p>Dru\u017einska gostilna Pr Kopa\u010d Brezovica pri Ljubljani ima ve\u010d kot 150-letno tradicijo in z originalno, vrhunsko kulinari\u010dno ponudbo, ki je izrazito prilagojena letnim \u010dasom. Tudi ponudba odprtih vin je odli\u010dna, lahko pa so vina iz vinoteke. Nudimo doma pripravljene sladice.<\/p>\n<h3>\n\t\tTRADICIJA\n\t<\/h3>\n\t<p>Za\u010delo se je v letu 1848&#8230;<\/p>\n<p>Gostilna na robu Ljubljane, na Brezovici, slovi po dolgoletni tradiciji doma\u010de gostilne, ki svoje goste dobesedno razvaja s preizku\u0161enimi slovenskimi kulinari\u010dnimi dobrotami. Njihovo znanje temelji na bogatih izku\u0161jah. To je za\u010dutiti \u017ee ob vstopu v njene prostore, ki celo di\u0161ijo po doma\u010dem..<\/p>\n<h3>\n\t\tPONUDBA\n\t<\/h3>\n\t\t\t\t<a href=\"https:\/\/pr-kopac.com\/ponudba#dnevna_ponudba\" target=\"_self\" itemprop=\"url\" rel=\"noopener\">\n\t\t\t\t<img src=\"https:\/\/pr-kopac.com\/wp-content\/uploads\/2019\/06\/57b86f74-9e33-42e3-bca0-e8da8fb8172f.jpg\" alt=\"57b86f74-9e33-42e3-bca0-e8da8fb8172f\" itemprop=\"image\" title=\"57b86f74-9e33-42e3-bca0-e8da8fb8172f\" onerror=\"this.style.display='none'\"  \/>\n\t\t\t\t<\/a>\n<h3>\n\t\tDnevna ponudba\n\t<\/h3>\n\t<p>Kopa\u010d, gostilna stara znamenta, ponudba dnevna je okusna, slikovita, jedi na kro\u017enike dostavljene takoj..<\/p>\n\t\t\t\t<a href=\"https:\/\/pr-kopac.com\/ponudba#hisne_posebnosi\" target=\"_self\" itemprop=\"url\" rel=\"noopener\">\n\t\t\t\t<img src=\"https:\/\/pr-kopac.com\/wp-content\/uploads\/2019\/06\/764acd0e-93b2-4264-b12a-b84926fba516.jpg\" alt=\"764acd0e-93b2-4264-b12a-b84926fba516\" itemprop=\"image\" title=\"764acd0e-93b2-4264-b12a-b84926fba516\" onerror=\"this.style.display='none'\"  \/>\n\t\t\t\t<\/a>\n<h3>\n\t\tHi\u0161ne posebnosti\n\t<\/h3>\n\t<p>Tradicionalna slovenska kuhinja in najbolj\u0161i ocvrti pi\u0161\u010danec v regiji!<\/p>\n\t\t\t\t<a href=\"https:\/\/pr-kopac.com\/ponudba#jedi_po_narocilu\" target=\"_self\" itemprop=\"url\" rel=\"noopener\">\n\t\t\t\t<img src=\"https:\/\/pr-kopac.com\/wp-content\/uploads\/2019\/06\/f09f7845-36ac-4591-bd06-04fb98265ac7.jpg\" alt=\"f09f7845-36ac-4591-bd06-04fb98265ac7\" itemprop=\"image\" title=\"f09f7845-36ac-4591-bd06-04fb98265ac7\" onerror=\"this.style.display='none'\"  \/>\n\t\t\t\t<\/a>\n<h3>\n\t\tJedi po naro\u010dilu\n\t<\/h3>\n\t<p>Pri ve\u010derji in kosilu, sre\u017eemo jedi po naro\u010dilu<\/p>\n\t\t\t\t<a href=\"https:\/\/pr-kopac.com\/ponudba#hladne_predjedi\" target=\"_self\" itemprop=\"url\" rel=\"noopener\">\n\t\t\t\t<img src=\"https:\/\/pr-kopac.com\/wp-content\/uploads\/2019\/06\/5d90a71f-a76f-4bd0-90fe-1496a6bebcf8.jpg\" alt=\"5d90a71f-a76f-4bd0-90fe-1496a6bebcf8\" itemprop=\"image\" title=\"5d90a71f-a76f-4bd0-90fe-1496a6bebcf8\" onerror=\"this.style.display='none'\"  \/>\n\t\t\t\t<\/a>\n<h3>\n\t\tHladne in tople predjedi\n\t<\/h3>\n\t<p>Jedi hladne, za za\u010detek prikladne.<\/p>\n\t\t\t\t<a href=\"https:\/\/pr-kopac.com\/ponudba#juhe\" target=\"_self\" itemprop=\"url\" rel=\"noopener\">\n\t\t\t\t<img src=\"https:\/\/pr-kopac.com\/wp-content\/uploads\/2019\/06\/b469ddf9-363c-42d3-85db-f771a826df86.jpg\" alt=\"b469ddf9-363c-42d3-85db-f771a826df86\" itemprop=\"image\" title=\"b469ddf9-363c-42d3-85db-f771a826df86\" onerror=\"this.style.display='none'\"  \/>\n\t\t\t\t<\/a>\n<h3>\n\t\tJuhe\n\t<\/h3>\n\t<p>Topla juha, zdravilo za suhega in debeluha, iz lonca enega se \u0161e marsikaj izkuha&#8230;<\/p>\n\t\t\t\t<a href=\"https:\/\/pr-kopac.com\/ponudba#ribe\" target=\"_self\" itemprop=\"url\" rel=\"noopener\">\n\t\t\t\t<img src=\"https:\/\/pr-kopac.com\/wp-content\/uploads\/2019\/06\/f08e1e5c-effb-4d04-9204-89d707721cd9.jpg\" alt=\"f08e1e5c-effb-4d04-9204-89d707721cd9\" itemprop=\"image\" title=\"f08e1e5c-effb-4d04-9204-89d707721cd9\" onerror=\"this.style.display='none'\"  \/>\n\t\t\t\t<\/a>\n<h3>\n\t\tRibe\n\t<\/h3>\n\t<p>Po Tr\u017ea\u0161ki cesti do morja, tam lovijo ribe&#8230; a ne iz lavorja!<\/p>\n\t\t\t<a href=\"https:\/\/pr-kopac.com\/ponudba\" target=\"_self\" role=\"button\" rel=\"noopener\">\n\t\t\t\t\t\t\tOgled celotne ponudbe\n\t\t\t\t\t<\/a>\n<h2>\n\t\tKavarna in sla\u0161\u010di\u010darna\n\t<\/h2>\n\t\t\t\t<img src=\"https:\/\/pr-kopac.com\/wp-content\/uploads\/2019\/06\/a5290f80-10bf-46ce-ad53-58ff3fe1fad5.jpg\" alt=\"a5290f80-10bf-46ce-ad53-58ff3fe1fad5\" itemprop=\"image\" title=\"a5290f80-10bf-46ce-ad53-58ff3fe1fad5\" onerror=\"this.style.display='none'\"  \/>\n\t\t\t\t<img src=\"https:\/\/pr-kopac.com\/wp-content\/uploads\/2019\/06\/90ff4d4b-157e-4ba9-bc5a-8545f9405031.jpg\" alt=\"90ff4d4b-157e-4ba9-bc5a-8545f9405031\" itemprop=\"image\" title=\"90ff4d4b-157e-4ba9-bc5a-8545f9405031\" onerror=\"this.style.display='none'\"  \/>\n\t\t\t\t<img src=\"https:\/\/pr-kopac.com\/wp-content\/uploads\/2019\/06\/d9df843c-de06-41ba-ae45-00c19605e9cb.jpg\" alt=\"d9df843c-de06-41ba-ae45-00c19605e9cb\" itemprop=\"image\" title=\"d9df843c-de06-41ba-ae45-00c19605e9cb\" onerror=\"this.style.display='none'\"  \/>\n\t<p>Na\u0161a ponudba v kavarni temelji, poleg prodaje dnevno sve\u017eega kruha, pekovskih izdelkov in pi\u0161kotov, na &#8220;jutranji akciji&#8221; roglji\u010dek + kava. Roglji\u010dek se lahko poljubno zamenja s sve\u017eimi \u017eepki ali zavitkom in na dopoldanski ponudbi doma\u010dega narezka s kozarcem vina ali samo sendvi\u010da za na pot&#8230;<\/p>\n\t<p>Lahko vam pripravimo tudi zajtrk z jaj\u010dki na razne na\u010dine ali pa dopoldansko malico, vsak dan pa imamo pestro, doma narejeno ponudbo sla\u0161\u010dic (krem\u0161nite, tortice, \u010dokoladne ko\u0161arice, pi\u0161koti&#8230;)<\/p>\n<h2>\n\t\tNovice\n\t<\/h2>\n\t            <div id=\"post-grid-lazy-444\" class=\"post-grid-lazy\"><img alt=\"\" src=\"\"\/><\/div>\r\n        <script>\r\n            jQuery('#post-grid-lazy-444').ready(function($){\r\n                $('#post-grid-lazy-444').fadeOut();\r\n                $('#post-grid-444').fadeIn();\r\n            })\r\n        <\/script>\r\n        <style type=\"text\/css\">\r\n            #post-grid-444{display: none;}\r\n            .post-grid-lazy{\r\n                text-align: center;\r\n            }\r\n        <\/style>\r\n            <div data-options='{&quot;id&quot;:&quot;444&quot;,&quot;lazy_load&quot;:&quot;yes&quot;,&quot;masonry_enable&quot;:&quot;yes&quot;,&quot;view_type&quot;:&quot;grid&quot;}' id=\"post-grid-444\" class=\"post-grid grid\">\r\n                <div class=\"no-post-found\">\r\n                <div class=\"no-post-found\">\r\n        No post found    <\/div>\r\n            <\/div>\r\n        <style type=\"text\/css\">\r\n                        #post-grid-444 .element_0{display: block;font-size: 21px;line-height: normal;padding: 5px 10px;text-align: left; text-decoration: none;}\r\n                                #post-grid-444 .element_1{display: block;font-size: 14px;padding: 5px 10px;text-align: left;}\r\n                #post-grid-444 .element_0:hover{}#post-grid-444 .element_1:hover{}    <\/style>\r\n        \r\n\r\n        <script>\r\n                    jQuery('#post-grid-lazy-444').ready(function($){\r\n                var $container = $('#post-grid-444 .grid-items');\r\n                $container.masonry({\r\n                    itemSelector: '.item',\r\n                    columnWidth: '.item', \/\/as you wish , you can use numeric\r\n                    isAnimated: true,\r\n                    isFitWidth: true,\r\n                    horizontalOrder: true,\r\n                });\r\n                $container.imagesLoaded().done( function() {\r\n                    $container.masonry('layout');\r\n                });\r\n            })\r\n            <\/script>\r\n        <style type=\"text\/css\">\r\n        #post-grid-444 {\r\n                    padding:0px;\r\n                                        }\r\n        #post-grid-444 .grid-items{\r\n                    text-align: center;\r\n                }\r\n        #post-grid-444 .item{\r\n                    margin:0px;\r\n                            padding:10px;\r\n                            background:#fff;\r\n                }\r\n        #post-grid-444  .item .layer-media{\r\n            height:auto;        }\r\n        @media only screen and ( min-width: 0px ) and ( max-width: 767px ) {\r\n\r\n            #post-grid-444 .grid-items{\r\n                        }\r\n\r\n\r\n            #post-grid-444 .item{\r\n                            width:90%;\r\n                        height:auto;            }\r\n        }\r\n        @media only screen and ( min-width: 768px ) and ( max-width: 1023px ) {\r\n            #post-grid-444 .grid-items{\r\n                        }\r\n\r\n            #post-grid-444 .item{\r\n                            width:280px;\r\n                        max-height:auto;            }\r\n        }\r\n        @media only screen and (min-width: 1024px ){\r\n\r\n            #post-grid-444 .grid-items{\r\n                        }\r\n\r\n\r\n            #post-grid-444 .item{\r\n                            width:335px;\r\n                        height:auto;            }\r\n        }\r\n\r\n        \r\n\r\n    <\/style>\r\n        <\/div>\r\n    \n\n","protected":false},"excerpt":{"rendered":"<p>Pr Kopa\u010d Pri Kopa\u010du mi sedimo; slastne tu so vse jedi, rujno te\u010de vino! Sobe Brezovica Gostilna Apartma Krvavec O NAS Dru\u017einska gostilna Pr Kopa\u010d Brezovica pri Ljubljani ima ve\u010d kot 150-letno tradicijo in z originalno, vrhunsko kulinari\u010dno ponudbo, ki je izrazito prilagojena letnim \u010dasom. Tudi ponudba odprtih vin je odli\u010dna, lahko pa so vina&hellip;<\/p>\n","protected":false},"author":1,"featured_media":0,"parent":0,"menu_order":0,"comment_status":"closed","ping_status":"closed","template":"","meta":[],"yoast_head":"<!-- This site is optimized with the Yoast SEO plugin v19.7.2 - https:\/\/yoast.com\/wordpress\/plugins\/seo\/ -->\n<title>Home - Gostilna Pr Kopa\u010d<\/title>\n<meta name=\"robots\" content=\"index, follow, max-snippet:-1, max-image-preview:large, max-video-preview:-1\" \/>\n<link rel=\"canonical\" href=\"https:\/\/pr-kopac.com\/en\/home\/\" \/>\n<meta property=\"og:locale\" content=\"en_US\" \/>\n<meta property=\"og:type\" content=\"article\" \/>\n<meta property=\"og:title\" content=\"Home - Gostilna Pr Kopa\u010d\" \/>\n<meta property=\"og:description\" content=\"Pr Kopa\u010d Pri Kopa\u010du mi sedimo; slastne tu so vse jedi, rujno te\u010de vino! Sobe Brezovica Gostilna Apartma Krvavec O NAS Dru\u017einska gostilna Pr Kopa\u010d Brezovica pri Ljubljani ima ve\u010d kot 150-letno tradicijo in z originalno, vrhunsko kulinari\u010dno ponudbo, ki je izrazito prilagojena letnim \u010dasom. Tudi ponudba odprtih vin je odli\u010dna, lahko pa so vina&hellip;\" \/>\n<meta property=\"og:url\" content=\"https:\/\/pr-kopac.com\/en\/home\/\" \/>\n<meta property=\"og:site_name\" content=\"Gostilna Pr Kopa\u010d\" \/>\n<meta property=\"og:image\" content=\"https:\/\/pr-kopac.com\/wp-content\/uploads\/2019\/06\/57b86f74-9e33-42e3-bca0-e8da8fb8172f.jpg\" \/>\n<meta name=\"twitter:card\" content=\"summary_large_image\" \/>\n<script type=\"application\/ld+json\" class=\"yoast-schema-graph\">{\"@context\":\"https:\/\/schema.org\",\"@graph\":[{\"@type\":\"WebPage\",\"@id\":\"https:\/\/pr-kopac.com\/en\/home\/\",\"url\":\"https:\/\/pr-kopac.com\/en\/home\/\",\"name\":\"Home - Gostilna Pr Kopa\u010d\",\"isPartOf\":{\"@id\":\"https:\/\/pr-kopac.com\/#website\"},\"datePublished\":\"2022-01-09T16:08:01+00:00\",\"dateModified\":\"2022-01-09T16:08:01+00:00\",\"breadcrumb\":{\"@id\":\"https:\/\/pr-kopac.com\/en\/home\/#breadcrumb\"},\"inLanguage\":\"en-US\",\"potentialAction\":[{\"@type\":\"ReadAction\",\"target\":[\"https:\/\/pr-kopac.com\/en\/home\/\"]}]},{\"@type\":\"BreadcrumbList\",\"@id\":\"https:\/\/pr-kopac.com\/en\/home\/#breadcrumb\",\"itemListElement\":[{\"@type\":\"ListItem\",\"position\":1,\"name\":\"Home\",\"item\":\"https:\/\/pr-kopac.com\/en\/\"},{\"@type\":\"ListItem\",\"position\":2,\"name\":\"Home\"}]},{\"@type\":\"WebSite\",\"@id\":\"https:\/\/pr-kopac.com\/#website\",\"url\":\"https:\/\/pr-kopac.com\/\",\"name\":\"Gostilna Pr Kopa\u010d\",\"description\":\"Dru\u017einska gostilna Pr Kopa\u010d Brezovica pri Ljubljani ima ve\u010d kot 150-letno tradicijo in z originalno, vrhunsko kulinari\u010dno ponudbo, ki je izrazito prilagojena letnim \u010dasom. Tudi ponudba odprtih vin je odli\u010dna, lahko pa so vina iz vinoteke. Nudimo doma pripravljene sladice.\",\"potentialAction\":[{\"@type\":\"SearchAction\",\"target\":{\"@type\":\"EntryPoint\",\"urlTemplate\":\"https:\/\/pr-kopac.com\/?s={search_term_string}\"},\"query-input\":\"required name=search_term_string\"}],\"inLanguage\":\"en-US\"}]}<\/script>\n<!-- \/ Yoast SEO plugin. -->","yoast_head_json":{"title":"Home - Gostilna Pr Kopa\u010d","robots":{"index":"index","follow":"follow","max-snippet":"max-snippet:-1","max-image-preview":"max-image-preview:large","max-video-preview":"max-video-preview:-1"},"canonical":"https:\/\/pr-kopac.com\/en\/home\/","og_locale":"en_US","og_type":"article","og_title":"Home - Gostilna Pr Kopa\u010d","og_description":"Pr Kopa\u010d Pri Kopa\u010du mi sedimo; slastne tu so vse jedi, rujno te\u010de vino! Sobe Brezovica Gostilna Apartma Krvavec O NAS Dru\u017einska gostilna Pr Kopa\u010d Brezovica pri Ljubljani ima ve\u010d kot 150-letno tradicijo in z originalno, vrhunsko kulinari\u010dno ponudbo, ki je izrazito prilagojena letnim \u010dasom. Tudi ponudba odprtih vin je odli\u010dna, lahko pa so vina&hellip;","og_url":"https:\/\/pr-kopac.com\/en\/home\/","og_site_name":"Gostilna Pr Kopa\u010d","og_image":[{"url":"https:\/\/pr-kopac.com\/wp-content\/uploads\/2019\/06\/57b86f74-9e33-42e3-bca0-e8da8fb8172f.jpg"}],"twitter_card":"summary_large_image","schema":{"@context":"https:\/\/schema.org","@graph":[{"@type":"WebPage","@id":"https:\/\/pr-kopac.com\/en\/home\/","url":"https:\/\/pr-kopac.com\/en\/home\/","name":"Home - Gostilna Pr Kopa\u010d","isPartOf":{"@id":"https:\/\/pr-kopac.com\/#website"},"datePublished":"2022-01-09T16:08:01+00:00","dateModified":"2022-01-09T16:08:01+00:00","breadcrumb":{"@id":"https:\/\/pr-kopac.com\/en\/home\/#breadcrumb"},"inLanguage":"en-US","potentialAction":[{"@type":"ReadAction","target":["https:\/\/pr-kopac.com\/en\/home\/"]}]},{"@type":"BreadcrumbList","@id":"https:\/\/pr-kopac.com\/en\/home\/#breadcrumb","itemListElement":[{"@type":"ListItem","position":1,"name":"Home","item":"https:\/\/pr-kopac.com\/en\/"},{"@type":"ListItem","position":2,"name":"Home"}]},{"@type":"WebSite","@id":"https:\/\/pr-kopac.com\/#website","url":"https:\/\/pr-kopac.com\/","name":"Gostilna Pr Kopa\u010d","description":"Dru\u017einska gostilna Pr Kopa\u010d Brezovica pri Ljubljani ima ve\u010d kot 150-letno tradicijo in z originalno, vrhunsko kulinari\u010dno ponudbo, ki je izrazito prilagojena letnim \u010dasom. Tudi ponudba odprtih vin je odli\u010dna, lahko pa so vina iz vinoteke. Nudimo doma pripravljene sladice.","potentialAction":[{"@type":"SearchAction","target":{"@type":"EntryPoint","urlTemplate":"https:\/\/pr-kopac.com\/?s={search_term_string}"},"query-input":"required name=search_term_string"}],"inLanguage":"en-US"}]}},"_links":{"self":[{"href":"https:\/\/pr-kopac.com\/en\/wp-json\/wp\/v2\/pages\/772"}],"collection":[{"href":"https:\/\/pr-kopac.com\/en\/wp-json\/wp\/v2\/pages"}],"about":[{"href":"https:\/\/pr-kopac.com\/en\/wp-json\/wp\/v2\/types\/page"}],"author":[{"embeddable":true,"href":"https:\/\/pr-kopac.com\/en\/wp-json\/wp\/v2\/users\/1"}],"replies":[{"embeddable":true,"href":"https:\/\/pr-kopac.com\/en\/wp-json\/wp\/v2\/comments?post=772"}],"version-history":[{"count":2,"href":"https:\/\/pr-kopac.com\/en\/wp-json\/wp\/v2\/pages\/772\/revisions"}],"predecessor-version":[{"id":777,"href":"https:\/\/pr-kopac.com\/en\/wp-json\/wp\/v2\/pages\/772\/revisions\/777"}],"wp:attachment":[{"href":"https:\/\/pr-kopac.com\/en\/wp-json\/wp\/v2\/media?parent=772"}],"curies":[{"name":"wp","href":"https:\/\/api.w.org\/{rel}","templated":true}]}}